{"id":17925,"date":"2022-10-16T22:18:50","date_gmt":"2022-10-16T20:18:50","guid":{"rendered":"https:\/\/bagpipe.de\/imprint\/"},"modified":"2023-03-21T20:20:21","modified_gmt":"2023-03-21T19:20:21","slug":"imprint","status":"publish","type":"page","link":"https:\/\/bagpipe.de\/en\/imprint\/","title":{"rendered":"Imprint"},"content":{"rendered":"<p><strong>bagpipe.com<\/strong><\/p>\n<p>Folk.World: Musical Instruments &amp; Publishing<br \/>\nClara-Immerwahr-Strasse 3<br \/>\nDE-79540 L\u00f6rrach<\/p>\n<p>Phone: +49 7621 1617738<br \/>\nE-mail: <a href=\"mailto:info@bagpipe.de\">info@bagpipe.de<\/a><br \/>\nInternet: <a href=\"https:\/\/bagpipe.de\/en\/\" target=\"_blank\" rel=\"noopener\">www.bagpipe.de<\/a><\/p>\n<p><strong>Owner<\/strong>: Jonas B\u00f6ttcher<\/p>\n<p><strong>Sales tax ID<\/strong>: DE350619914<\/p>\n<p><strong>Responsible for the content<\/strong>: Jonas B\u00f6ttcher<\/p>\n<p><strong>Platform of the European Commission for online dispute resolution (OS) for consumers:<\/strong><br \/>\n<a href=\"http:\/\/ec.europa.eu\/consumers\/odr\/\" target=\"_blank\" rel=\"noopener\">http:\/\/ec.europa.eu\/consumers\/odr\/  <\/a><br \/>\nWe are not willing and not obliged to participate in a dispute resolution procedure before a consumer arbitration board.<\/p>\n","protected":false},"excerpt":{"rendered":"<p>bagpipe.com Folk.World: Musical Instruments &amp; Publishing Clara-Immerwahr-Strasse 3 DE-79540 L\u00f6rrach Phone: +49 7621 1617738 E-mail: info@bagpipe.de Internet: www.bagpipe.de Owner: Jonas B\u00f6ttcher Sales tax ID: DE350619914 Responsible for the content: Jonas B\u00f6ttcher Platform of the European Commission for online dispute resolution (OS) for consumers: http:\/\/ec.europa.eu\/consumers\/odr\/ We are not willing and not obliged to participate in a [&hellip;]<\/p>\n","protected":false},"author":1,"featured_media":0,"parent":0,"menu_order":0,"comment_status":"closed","ping_status":"closed","template":"","meta":{"footnotes":""},"class_list":["post-17925","page","type-page","status-publish","hentry"],"_links":{"self":[{"href":"https:\/\/bagpipe.de\/en\/wp-json\/wp\/v2\/pages\/17925","targetHints":{"allow":["GET"]}}],"collection":[{"href":"https:\/\/bagpipe.de\/en\/wp-json\/wp\/v2\/pages"}],"about":[{"href":"https:\/\/bagpipe.de\/en\/wp-json\/wp\/v2\/types\/page"}],"author":[{"embeddable":true,"href":"https:\/\/bagpipe.de\/en\/wp-json\/wp\/v2\/users\/1"}],"replies":[{"embeddable":true,"href":"https:\/\/bagpipe.de\/en\/wp-json\/wp\/v2\/comments?post=17925"}],"version-history":[{"count":1,"href":"https:\/\/bagpipe.de\/en\/wp-json\/wp\/v2\/pages\/17925\/revisions"}],"predecessor-version":[{"id":17927,"href":"https:\/\/bagpipe.de\/en\/wp-json\/wp\/v2\/pages\/17925\/revisions\/17927"}],"wp:attachment":[{"href":"https:\/\/bagpipe.de\/en\/wp-json\/wp\/v2\/media?parent=17925"}],"curies":[{"name":"wp","href":"https:\/\/api.w.org\/{rel}","templated":true}]}}