{"id":20763,"date":"2022-12-21T19:20:45","date_gmt":"2022-12-21T18:20:45","guid":{"rendered":"https:\/\/bagpipe.de\/produkt\/uncategorized\/great-highland-bagpipe-rg-hardie-mod-00-plain-nickel\/"},"modified":"2024-08-17T21:13:46","modified_gmt":"2024-08-17T19:13:46","slug":"great-highland-bagpipe-rg-hardie-mod-00-plain-nickel","status":"publish","type":"product","link":"https:\/\/bagpipe.de\/en\/great-highland-bagpipe-rg-hardie-mod-00-plain-nickel\/","title":{"rendered":"Great Highland Bagpipe &#8211; RG Hardie Mod.00 Plain nickel"},"content":{"rendered":"<p><strong>Great Highland Bagpipe &#8211; RG Hardie No. 00<\/strong>&nbsp; This brand new pipe model with an excellent price\/performance ratio is made of African Blackwood. Pipes of this traditional company from Glasgow have a distinctive design and are available in various designs. Hardie Pipes are purely handcrafted to the highest standards. Due to its affordable price, this model is especially suitable for beginners who do not want to sacrifice the musical and craftsmanship quality. Each pipe is marked with the Hardie name and the year of manufacture. The manufacturer grants a 5-year guarantee on registered instruments against material and manufacturing defects. <strong>Basic version of the RGH00<\/strong>: &#8211; African Blackwood with smooth surface &#8211; Beaded Nickel Ferrules &#8211; Beaded Nickel Ring Caps &#8211; Button Mounts aand Ring Cap Bushes made of Blackwood &#8211; Blowpipe mouthpiece made of plastic <strong>NEW<\/strong>: From now on all Hardie Bagpipes made of Blackwood are equipped with the following improvements at no extra charge: &#8211; The inner part of the blowpipe is made of plastic &#8211; so no more bursting of the middle part possible! &#8211; The blowpipe stick is also made of plastic inside, which also makes this part 100% moisture resistant. These parts, which are very often affected by cracks in conventional construction methods, have thus become much more reliable and durable. The internal plastic parts are not visible from the outside and do not change the classic proportions of the pipes!  <strong>Included in the price  <\/strong>is the Hardie &#8216;Great Value Pack&#8217;: &#8211; Canmore Pipe Bag with Zip and Watertrap &#8211; RG Hardie Polypenco or (optional) Blackwood Pipe Chanter with Pipe Reed &#8211; Ezee Drone Reeds &#8211; Cord Cover with silver or gold fringes, Silk Cords &#8211; Assembly and ready-to-play pipe set-up  <strong>Order to your Pipe immediately the favorable Bagpipe accessories set in addition:<\/strong>  &#8211; Replacement reed for the chanter &#8211; Reed box for safe storage of your chanter reeds &#8211; 1 set of corks for the drones (3 pcs.) and the chanter (1 pc.) &#8211; 1 roll of winding thread (waxed or unwaxed as desired) &#8211; 1 reed protector &#8211; DST01 Shepherd Reed Setting Tool &#8211; Set of cleaning brushes  <strong>Please note:<\/strong>  We will be happy to advise you on any questions or other equipment requirements and provide you with an individual offer.  <strong>Equipment variant Sticks only: <\/strong>Not ready to play, so only Stocks, Blowpipe, and Drones &#8211; Please ask us for the price.<\/p>\n","protected":false},"excerpt":{"rendered":"<p>Great Highland Bagpipe from the workshop of R.G. Hardie, Glasgow, Scotland made of African Blackwood with smooth surface and Beaded Nickel Ferrules.<\/p>\n","protected":false},"featured_media":15586,"comment_status":"closed","ping_status":"closed","template":"","meta":[],"product_brand":[],"product_cat":[892,903,944],"product_tag":[],"class_list":{"0":"post-20763","1":"product","2":"type-product","3":"status-publish","4":"has-post-thumbnail","6":"product_cat-bagpipes-bagpipes","7":"product_cat-great-highland-bagpipes-en","8":"product_cat-rg-hardie-bagpipes-en","10":"first","11":"outofstock","12":"virtual","13":"taxable","14":"purchasable","15":"product-type-composite"},"composite_virtual":false,"composite_layout":"paged","composite_add_to_cart_form_location":"default","composite_editable_in_cart":false,"composite_sold_individually_context":"product","composite_shop_price_calc":"min_max","composite_components":[{"id":"1671627536","title":"Spielpfeife","description":"","query_type":"category_ids","query_ids":[1223],"default_option_id":17940,"thumbnail_id":"","thumbnail_src":"","quantity_min":1,"quantity_max":1,"priced_individually":true,"shipped_individually":true,"optional":false,"discount":"","options_style":"dropdowns","pagination_style":"classic","display_prices":"absolute","show_sorting_options":false,"show_filtering_options":false,"attribute_filter_ids":[],"select_action":"view","product_title_visible":true,"product_descr_visible":true,"product_price_visible":true,"product_thumb_visible":true,"subtotal_visible_product":true,"subtotal_visible_cart":true,"subtotal_visible_orders":true,"product_addons_visible":true},{"id":"1671555247","title":"Sack","description":"<p>W\u00e4hle den Luftsack, der die Luft f\u00fcr die Pfeifen vorh\u00e4lt.<\/p>\n","query_type":"category_ids","query_ids":[1123],"default_option_id":22284,"thumbnail_id":13422,"thumbnail_src":"https:\/\/bagpipe.de\/wp-content\/uploads\/sites\/3\/2022\/12\/Bags-fuer-GHB.jpg","quantity_min":1,"quantity_max":1,"priced_individually":true,"shipped_individually":true,"optional":false,"discount":"","options_style":"dropdowns","pagination_style":"classic","display_prices":"absolute","show_sorting_options":false,"show_filtering_options":false,"attribute_filter_ids":[],"select_action":"view","product_title_visible":true,"product_descr_visible":true,"product_price_visible":true,"product_thumb_visible":true,"subtotal_visible_product":true,"subtotal_visible_cart":true,"subtotal_visible_orders":true,"product_addons_visible":true},{"id":"1671555246","title":"\u00dcberzug","description":"<p>W\u00e4hle den Bezug, der den Luftsack sch\u00fctzt.<\/p>\n","query_type":"category_ids","query_ids":[1225],"default_option_id":24621,"thumbnail_id":1244,"thumbnail_src":"https:\/\/bagpipe.de\/wp-content\/uploads\/sites\/3\/2022\/11\/covsp_1.jpg","quantity_min":1,"quantity_max":1,"priced_individually":true,"shipped_individually":true,"optional":false,"discount":"","options_style":"dropdowns","pagination_style":"classic","display_prices":"absolute","show_sorting_options":false,"show_filtering_options":false,"attribute_filter_ids":[],"select_action":"view","product_title_visible":true,"product_descr_visible":true,"product_price_visible":true,"product_thumb_visible":true,"subtotal_visible_product":true,"subtotal_visible_cart":true,"subtotal_visible_orders":true,"product_addons_visible":true},{"id":"1671555245","title":"Kordeln","description":"<p>W\u00e4hle eine Kordel, die die Bordunpfeifen zusammenh\u00e4lt.<\/p>\n","query_type":"product_ids","query_ids":[22288,22250,22317],"default_option_id":22288,"thumbnail_id":1541,"thumbnail_src":"https:\/\/bagpipe.de\/wp-content\/uploads\/sites\/3\/2022\/11\/WoolCords_m.gif","quantity_min":1,"quantity_max":1,"priced_individually":true,"shipped_individually":true,"optional":false,"discount":"","options_style":"dropdowns","pagination_style":"classic","display_prices":"absolute","show_sorting_options":false,"show_filtering_options":false,"attribute_filter_ids":[],"select_action":"view","product_title_visible":true,"product_descr_visible":true,"product_price_visible":true,"product_thumb_visible":true,"subtotal_visible_product":true,"subtotal_visible_cart":true,"subtotal_visible_orders":true,"product_addons_visible":true},{"id":"1671646513","title":"Blowpipe","description":"","query_type":"product_ids","query_ids":[21653,21739,21706],"default_option_id":21739,"thumbnail_id":"","thumbnail_src":"","quantity_min":1,"quantity_max":1,"priced_individually":true,"shipped_individually":true,"optional":false,"discount":"","options_style":"dropdowns","pagination_style":"classic","display_prices":"absolute","show_sorting_options":false,"show_filtering_options":false,"attribute_filter_ids":[],"select_action":"view","product_title_visible":true,"product_descr_visible":true,"product_price_visible":true,"product_thumb_visible":true,"subtotal_visible_product":true,"subtotal_visible_cart":true,"subtotal_visible_orders":true,"product_addons_visible":true},{"id":"1671627535","title":"Zubeh\u00f6r-Set","description":"<p>Stark preisreduziertes Zubeh\u00f6r-Set:<br \/>\n- Ersatzrohrblatt f\u00fcr die Spielpfeife<br \/>\n- Reed-Box f\u00fcr die sichere Aufbewahrung Ihrer Chanter Reeds<br \/>\n- 1 Satz Korken f\u00fcr die Drones (3 Stk.) und die Spielpfeife (1 Stk.)<br \/>\n- 1 Rolle Wickelfaden (nach Wunsch gewachst oder ungewachst)<br \/>\n- 1 Reed Protector<br \/>\n- DST01 Shepherd Reed Setting Tool<br \/>\n- Satz Reinigungsb\u00fcrsten<\/p>\n","query_type":"product_ids","query_ids":[22281],"default_option_id":22281,"thumbnail_id":"","thumbnail_src":"","quantity_min":1,"quantity_max":1,"priced_individually":true,"shipped_individually":true,"optional":true,"discount":"","options_style":"dropdowns","pagination_style":"classic","display_prices":"absolute","show_sorting_options":false,"show_filtering_options":false,"attribute_filter_ids":[],"select_action":"view","product_title_visible":true,"product_descr_visible":true,"product_price_visible":true,"product_thumb_visible":true,"subtotal_visible_product":true,"subtotal_visible_cart":true,"subtotal_visible_orders":true,"product_addons_visible":true}],"composite_scenarios":[],"bundled_by":[],"bundle_stock_status":"outofstock","bundle_stock_quantity":0,"bundle_virtual":false,"bundle_layout":"","bundle_add_to_cart_form_location":"","bundle_editable_in_cart":false,"bundle_sold_individually_context":"","bundle_item_grouping":"","bundle_min_size":"","bundle_max_size":"","bundle_price":[],"bundled_items":[],"bundle_sell_ids":[],"exclude_global_add_ons":[],"addons":[],"tiered_pricing_type":"fixed","tiered_pricing_fixed_rules":[],"tiered_pricing_product_settings":{"layout":"default","base_unit_name":{"singular":null,"plural":null},"default_variation":null},"tiered_pricing_minimum_quantity":null,"tiered_pricing_roles_data":[],"tiered_pricing_percentage_rules":[],"tiered_pricing_maximum_quantity":null,"tiered_pricing_quantity_step":null,"_links":{"self":[{"href":"https:\/\/bagpipe.de\/en\/wp-json\/wp\/v2\/product\/20763","targetHints":{"allow":["GET"]}}],"collection":[{"href":"https:\/\/bagpipe.de\/en\/wp-json\/wp\/v2\/product"}],"about":[{"href":"https:\/\/bagpipe.de\/en\/wp-json\/wp\/v2\/types\/product"}],"replies":[{"embeddable":true,"href":"https:\/\/bagpipe.de\/en\/wp-json\/wp\/v2\/comments?post=20763"}],"wp:featuredmedia":[{"embeddable":true,"href":"https:\/\/bagpipe.de\/en\/wp-json\/wp\/v2\/media\/15586"}],"wp:attachment":[{"href":"https:\/\/bagpipe.de\/en\/wp-json\/wp\/v2\/media?parent=20763"}],"wp:term":[{"taxonomy":"product_brand","embeddable":true,"href":"https:\/\/bagpipe.de\/en\/wp-json\/wp\/v2\/product_brand?post=20763"},{"taxonomy":"product_cat","embeddable":true,"href":"https:\/\/bagpipe.de\/en\/wp-json\/wp\/v2\/product_cat?post=20763"},{"taxonomy":"product_tag","embeddable":true,"href":"https:\/\/bagpipe.de\/en\/wp-json\/wp\/v2\/product_tag?post=20763"}],"curies":[{"name":"wp","href":"https:\/\/api.w.org\/{rel}","templated":true}]}}