{"id":20790,"date":"2022-12-21T18:40:43","date_gmt":"2022-12-21T17:40:43","guid":{"rendered":"https:\/\/bagpipe.de\/produkt\/uncategorized\/great-highland-bagpipe-p-henderson-mod-01a-half-engraved-nickel-antique\/"},"modified":"2024-08-17T21:13:55","modified_gmt":"2024-08-17T19:13:55","slug":"great-highland-bagpipe-p-henderson-mod-01a-half-engraved-nickel-antique","status":"publish","type":"product","link":"https:\/\/bagpipe.de\/en\/great-highland-bagpipe-p-henderson-mod-01a-half-engraved-nickel-antique\/","title":{"rendered":"Great Highland Bagpipe &#8211; P. Henderson Mod.01A Half Engraved Nickel Antique"},"content":{"rendered":"<p>&nbsp;<\/p>\n<p align=\"left\"><strong>Great Highland Bagpipe &#8211; Peter Henderson No. 1A (Antique Finish)<\/strong><\/p>\n<p>  This pipe is made of African blackwood with blackwood mounts and engraved nickel ferrules, slides, ring caps and mouthpiece tube. All pipes of the traditional company Hardie from Glasgow are purely handcrafted to the highest standards. Henderson Pipes are often played by pipers who value exclusive design and first-class musicianship and craftsmanship. Each pipe is marked with the name &#8216;Peter Henderson&#8217; and a serial number.  <strong>We always deliver a fully assembled instrument ready to play!  <\/strong>  (Exception: sticks-only version)  <img loading=\"lazy\" decoding=\"async\" src=\"\/media\/images\/produkte\/henderson\/PH01A-angle_450.jpg\" width=\"450\" height=\"308\" border=\"0\" hspace=\"0\"><\/p>\n<p><strong>Basic version of the PH01A<\/strong>: &#8211; Finest African blackwood with combing &#8211; Machine engraved nickel ring caps, ferrules, slides and mouthpiece (antique finish &#8211; various designs available) &#8211; Projecting mounts and ring cap bushes made of artificial ivory <strong>Equipment:<\/strong> &#8211; Peter Henderson Polypenco or (optional) Blackwood Pipe Chanter with Pipe Reed &#8211; Canmore Pipe Bag with ZIP &#8211; RG Hardie Drone Reeds or Ezee Drone Reeds &#8211; Cord or Velvet Cover with silver or gold fringes, Silk Cords &nbsp; We will be happy to advise you on questions or other equipment requests and make you an individual offer.  &nbsp;<\/p>\n<p><strong>Order the inexpensive bagpipe accessory set with your pipe:<\/strong> &#8211; Replacement reed for the chanter &#8211; Reed box for safe storage of your chanter reeds &#8211; 1 set of corks for the drones (3 pcs.) and the chanter (1 pc.) &#8211; 1 roll of winding thread (waxed or unwaxed as desired) &#8211; 1 reed protector &#8211; DST01 Shepherd Reed Setting Tool &#8211; Set of cleaning brushes  <img loading=\"lazy\" decoding=\"async\" src=\"\/media\/images\/produkte\/henderson\/PH01A-slide_350.jpg\" width=\"350\" height=\"353\" border=\"0\" hspace=\"0\"><\/p>\n<p align=\"center\">Fig. Above:<\/p>\n<p align=\"center\">Model PH01 &#8211; Art. Ivory Mount, Engraved Beaded Nickel Ferrule and Slide<\/p>\n<p>  (Ornament: Celtic, antique finish) Fig. below:  <\/p>\n<p align=\"center\">Blowpipe Imitation Ivory, Engraved Nickel Tube \/ Engraved Ringcap Imitation Ivory Bush<\/p>\n<p>  (Ornament: Celtic, antique finish)  <img loading=\"lazy\" decoding=\"async\" src=\"\/media\/images\/produkte\/henderson\/PH01A-blow_350.jpg\" width=\"350\" height=\"351\" border=\"0\" hspace=\"0\"><\/p>\n<p><img loading=\"lazy\" decoding=\"async\" src=\"\/media\/images\/produkte\/henderson\/PH01A-cap_280.jpg\" width=\"280\" height=\"451\"><\/p>\n<p>&nbsp;  Equipment variant sticks only: Not ready to play, i.e. only sticks, blowpipe and drones &#8211; please ask us for the price.<b> <\/b><\/p>\n<p>&nbsp;<\/p>\n<p>&nbsp;<\/p>\n<p align=\"center\"><strong>Selectable designs of engravings<\/strong>:<\/p>\n<p><img loading=\"lazy\" decoding=\"async\" src=\"\/media\/images\/produkte\/hardie\/design_celtic.jpg\" width=\"450\" height=\"810\"><\/p>\n<p align=\"center\"><a href=\"\/media\/files\/pdf\/PH-Engraved-Nickel-Designs.pdf\">Download design pattern<\/a><\/p>\n<p align=\"center\">\n","protected":false},"excerpt":{"rendered":"<p>Great Highland bagpipe with full combing from the workshop of R.G. Hardie, Glasgow, Scotland. Mounts, Hemp Retainers and Ring Cap Bushes made of artificial ivory. With machine engraved Antique Nickel Ferrules, Ring Caps, Slides and Mouthpiece.<\/p>\n","protected":false},"featured_media":15534,"comment_status":"closed","ping_status":"closed","template":"","meta":[],"product_brand":[],"product_cat":[892,903,943],"product_tag":[],"class_list":{"0":"post-20790","1":"product","2":"type-product","3":"status-publish","4":"has-post-thumbnail","6":"product_cat-bagpipes-bagpipes","7":"product_cat-great-highland-bagpipes-en","8":"product_cat-peter-henderson-bagpipes-en","10":"first","11":"outofstock","12":"virtual","13":"taxable","14":"purchasable","15":"product-type-composite"},"composite_virtual":false,"composite_layout":"paged","composite_add_to_cart_form_location":"default","composite_editable_in_cart":false,"composite_sold_individually_context":"product","composite_shop_price_calc":"min_max","composite_components":[{"id":"1671627536","title":"Spielpfeife","description":"","query_type":"category_ids","query_ids":[1223],"default_option_id":17940,"thumbnail_id":"","thumbnail_src":"","quantity_min":1,"quantity_max":1,"priced_individually":true,"shipped_individually":true,"optional":false,"discount":"","options_style":"dropdowns","pagination_style":"classic","display_prices":"absolute","show_sorting_options":false,"show_filtering_options":false,"attribute_filter_ids":[],"select_action":"view","product_title_visible":true,"product_descr_visible":true,"product_price_visible":true,"product_thumb_visible":true,"subtotal_visible_product":true,"subtotal_visible_cart":true,"subtotal_visible_orders":true,"product_addons_visible":true},{"id":"1671555247","title":"Sack","description":"<p>W\u00e4hle den Luftsack, der die Luft f\u00fcr die Pfeifen vorh\u00e4lt.<\/p>\n","query_type":"category_ids","query_ids":[1123],"default_option_id":22284,"thumbnail_id":13422,"thumbnail_src":"https:\/\/bagpipe.de\/wp-content\/uploads\/sites\/3\/2022\/12\/Bags-fuer-GHB.jpg","quantity_min":1,"quantity_max":1,"priced_individually":true,"shipped_individually":true,"optional":false,"discount":"","options_style":"dropdowns","pagination_style":"classic","display_prices":"absolute","show_sorting_options":false,"show_filtering_options":false,"attribute_filter_ids":[],"select_action":"view","product_title_visible":true,"product_descr_visible":true,"product_price_visible":true,"product_thumb_visible":true,"subtotal_visible_product":true,"subtotal_visible_cart":true,"subtotal_visible_orders":true,"product_addons_visible":true},{"id":"1671555246","title":"\u00dcberzug","description":"<p>W\u00e4hle den Bezug, der den Luftsack sch\u00fctzt.<\/p>\n","query_type":"category_ids","query_ids":[1225],"default_option_id":24621,"thumbnail_id":1244,"thumbnail_src":"https:\/\/bagpipe.de\/wp-content\/uploads\/sites\/3\/2022\/11\/covsp_1.jpg","quantity_min":1,"quantity_max":1,"priced_individually":true,"shipped_individually":true,"optional":false,"discount":"","options_style":"dropdowns","pagination_style":"classic","display_prices":"absolute","show_sorting_options":false,"show_filtering_options":false,"attribute_filter_ids":[],"select_action":"view","product_title_visible":true,"product_descr_visible":true,"product_price_visible":true,"product_thumb_visible":true,"subtotal_visible_product":true,"subtotal_visible_cart":true,"subtotal_visible_orders":true,"product_addons_visible":true},{"id":"1671555245","title":"Kordeln","description":"<p>W\u00e4hle eine Kordel, die die Bordunpfeifen zusammenh\u00e4lt.<\/p>\n","query_type":"product_ids","query_ids":[22288,22250,22317],"default_option_id":22288,"thumbnail_id":1541,"thumbnail_src":"https:\/\/bagpipe.de\/wp-content\/uploads\/sites\/3\/2022\/11\/WoolCords_m.gif","quantity_min":1,"quantity_max":1,"priced_individually":true,"shipped_individually":true,"optional":false,"discount":"","options_style":"dropdowns","pagination_style":"classic","display_prices":"absolute","show_sorting_options":false,"show_filtering_options":false,"attribute_filter_ids":[],"select_action":"view","product_title_visible":true,"product_descr_visible":true,"product_price_visible":true,"product_thumb_visible":true,"subtotal_visible_product":true,"subtotal_visible_cart":true,"subtotal_visible_orders":true,"product_addons_visible":true},{"id":"1671646513","title":"Blowpipe","description":"","query_type":"product_ids","query_ids":[21653,21739,21706],"default_option_id":21739,"thumbnail_id":"","thumbnail_src":"","quantity_min":1,"quantity_max":1,"priced_individually":true,"shipped_individually":true,"optional":false,"discount":"","options_style":"dropdowns","pagination_style":"classic","display_prices":"absolute","show_sorting_options":false,"show_filtering_options":false,"attribute_filter_ids":[],"select_action":"view","product_title_visible":true,"product_descr_visible":true,"product_price_visible":true,"product_thumb_visible":true,"subtotal_visible_product":true,"subtotal_visible_cart":true,"subtotal_visible_orders":true,"product_addons_visible":true},{"id":"1671627535","title":"Zubeh\u00f6r-Set","description":"<p>Stark preisreduziertes Zubeh\u00f6r-Set:<br \/>\n- Ersatzrohrblatt f\u00fcr die Spielpfeife<br \/>\n- Reed-Box f\u00fcr die sichere Aufbewahrung Ihrer Chanter Reeds<br \/>\n- 1 Satz Korken f\u00fcr die Drones (3 Stk.) und die Spielpfeife (1 Stk.)<br \/>\n- 1 Rolle Wickelfaden (nach Wunsch gewachst oder ungewachst)<br \/>\n- 1 Reed Protector<br \/>\n- DST01 Shepherd Reed Setting Tool<br \/>\n- Satz Reinigungsb\u00fcrsten<\/p>\n","query_type":"product_ids","query_ids":[22281],"default_option_id":22281,"thumbnail_id":"","thumbnail_src":"","quantity_min":1,"quantity_max":1,"priced_individually":true,"shipped_individually":true,"optional":true,"discount":"","options_style":"dropdowns","pagination_style":"classic","display_prices":"absolute","show_sorting_options":false,"show_filtering_options":false,"attribute_filter_ids":[],"select_action":"view","product_title_visible":true,"product_descr_visible":true,"product_price_visible":true,"product_thumb_visible":true,"subtotal_visible_product":true,"subtotal_visible_cart":true,"subtotal_visible_orders":true,"product_addons_visible":true}],"composite_scenarios":[],"bundled_by":[],"bundle_stock_status":"outofstock","bundle_stock_quantity":0,"bundle_virtual":false,"bundle_layout":"","bundle_add_to_cart_form_location":"","bundle_editable_in_cart":false,"bundle_sold_individually_context":"","bundle_item_grouping":"","bundle_min_size":"","bundle_max_size":"","bundle_price":[],"bundled_items":[],"bundle_sell_ids":[],"exclude_global_add_ons":[],"addons":[],"tiered_pricing_type":"fixed","tiered_pricing_fixed_rules":[],"tiered_pricing_product_settings":{"layout":"default","base_unit_name":{"singular":null,"plural":null},"default_variation":null},"tiered_pricing_minimum_quantity":null,"tiered_pricing_roles_data":[],"tiered_pricing_percentage_rules":[],"tiered_pricing_maximum_quantity":null,"tiered_pricing_quantity_step":null,"_links":{"self":[{"href":"https:\/\/bagpipe.de\/en\/wp-json\/wp\/v2\/product\/20790","targetHints":{"allow":["GET"]}}],"collection":[{"href":"https:\/\/bagpipe.de\/en\/wp-json\/wp\/v2\/product"}],"about":[{"href":"https:\/\/bagpipe.de\/en\/wp-json\/wp\/v2\/types\/product"}],"replies":[{"embeddable":true,"href":"https:\/\/bagpipe.de\/en\/wp-json\/wp\/v2\/comments?post=20790"}],"wp:featuredmedia":[{"embeddable":true,"href":"https:\/\/bagpipe.de\/en\/wp-json\/wp\/v2\/media\/15534"}],"wp:attachment":[{"href":"https:\/\/bagpipe.de\/en\/wp-json\/wp\/v2\/media?parent=20790"}],"wp:term":[{"taxonomy":"product_brand","embeddable":true,"href":"https:\/\/bagpipe.de\/en\/wp-json\/wp\/v2\/product_brand?post=20790"},{"taxonomy":"product_cat","embeddable":true,"href":"https:\/\/bagpipe.de\/en\/wp-json\/wp\/v2\/product_cat?post=20790"},{"taxonomy":"product_tag","embeddable":true,"href":"https:\/\/bagpipe.de\/en\/wp-json\/wp\/v2\/product_tag?post=20790"}],"curies":[{"name":"wp","href":"https:\/\/api.w.org\/{rel}","templated":true}]}}