{"id":21822,"date":"2022-11-30T11:03:17","date_gmt":"2022-11-30T10:03:17","guid":{"rendered":"https:\/\/bagpipe.de\/produkt\/uncategorized\/bourree-bourree-bourree-cd\/"},"modified":"2024-08-16T16:18:09","modified_gmt":"2024-08-16T14:18:09","slug":"bourree-bourree-bourree-cd","status":"publish","type":"product","link":"https:\/\/bagpipe.de\/en\/bourree-bourree-bourree-cd\/","title":{"rendered":"Bourr\u00e9e Bourr\u00e9e Bourr\u00e9e CD"},"content":{"rendered":"<p>This musical recording with a comprehensive repertoire of the most important Bourr\u00e9e melodies conveys to the listener and dancer the sound of French dance music, faithfully reproducing the sound of the traditionally used (drone) instruments. Without the use of today&#8217;s usual sound post-processing, the auditory impression created here is that of a listener on the edge of the dance floor at one of the numerous Bal Folks. Experienced dance musicians have recorded a uniquely beautiful CD for the dance textbook Bourr\u00e9e Bourr\u00e9e Bourr\u00e9e, on which all the Bourr\u00e9e choreographies from the various regions of France featured in the book are represented in the best dance style: <strong>Dances on this CD:<\/strong> from the Berry:  <\/p>\n<ul>\n<li>Bourr\u00e9e de la Brande d&#8217;Ardentes<\/li>\n<li>Bourr\u00e9e des Dindes<\/li>\n<li>Bourr\u00e9e carree de St. Chartier<\/li>\n<li>Bourr\u00e9e droite d&#8217;Issoudun<\/li>\n<li>Bourr\u00e9e tournante des Grandes Poteries<\/li>\n<li>Bourr\u00e9e de Plainpieds a.o.<\/li>\n<\/ul>\n<p>  from the Auvergne:  <\/p>\n<ul>\n<li>Bourr\u00e9e ronde<\/li>\n<li>La Montagnarde a.o.<\/li>\n<\/ul>\n<p>  from the Bourbonnais:  <\/p>\n<ul>\n<li>Bourr\u00e9e les Moutons<\/li>\n<li>Double-Jeu<\/li>\n<li>Baillez-li a.o.<\/li>\n<\/ul>\n<p>  from the Morvan:  <\/p>\n<ul>\n<li>Bourr\u00e9e carree d&#8217;Arleuf<\/li>\n<li>Bourr\u00e9e a trois croisee<\/li>\n<li>Bourr\u00e9e de Morvan<\/li>\n<\/ul>\n<p>  from the Nivernais:  <\/p>\n<ul>\n<li>Bourr\u00e9e a Linard<\/li>\n<\/ul>\n<p>  The pieces, played exclusively on traditional instruments, are suitable for dancing in tempo and length, but are also great fun just to listen to!  <strong>Contributors:<\/strong><\/p>\n<ul>\n<li>Gudrun Walther: hurdy-gurdy, violin<\/li>\n<li>Konstanze Kulinsky: hurdy-gurdy<\/li>\n<li>Christoph Pelgen: Bagpipes, flutes<\/li>\n<li>J\u00fcrgen Treyz: accordion<\/li>\n<\/ul>\n<p>  This CD is included with our dance instruction book &#8216;Bourr\u00e9e Bourr\u00e9e Bourr\u00e9e&#8217;. By popular request, we also offer the CD here as a separate audio carrier. <span style=\"color: #660000;\"><strong>Order no.: <\/strong><\/span><strong><span style=\"color: #660000;\">CD0001 Format: Audio CD Playing time: approx. 70:36 min <\/span><span style=\"color: #660000;\">Packaging: Jewelbox<\/span><\/strong><\/p>\n","protected":false},"excerpt":{"rendered":"<p>The fantastic melodies to the French Bourr\u00e9e<\/p>\n","protected":false},"featured_media":17286,"comment_status":"open","ping_status":"closed","template":"","meta":[],"product_brand":[],"product_cat":[1082,1085,1080],"product_tag":[],"class_list":{"0":"post-21822","1":"product","2":"type-product","3":"status-publish","4":"has-post-thumbnail","6":"product_cat-audio-cds-en","7":"product_cat-dance-instructions","8":"product_cat-publishing-house-of-the-minstrels","10":"first","11":"outofstock","12":"taxable","13":"shipping-taxable","14":"purchasable","15":"product-type-simple"},"composite_virtual":false,"composite_layout":"","composite_add_to_cart_form_location":"","composite_editable_in_cart":false,"composite_sold_individually_context":"","composite_shop_price_calc":"","composite_components":[],"composite_scenarios":[],"bundled_by":[],"bundle_stock_status":"outofstock","bundle_stock_quantity":0,"bundle_virtual":false,"bundle_layout":"","bundle_add_to_cart_form_location":"","bundle_editable_in_cart":false,"bundle_sold_individually_context":"","bundle_item_grouping":"","bundle_min_size":"","bundle_max_size":"","bundle_price":[],"bundled_items":[],"bundle_sell_ids":[],"exclude_global_add_ons":[],"addons":[],"tiered_pricing_type":"fixed","tiered_pricing_fixed_rules":[],"tiered_pricing_product_settings":{"layout":"default","base_unit_name":{"singular":null,"plural":null},"default_variation":null},"tiered_pricing_minimum_quantity":null,"tiered_pricing_roles_data":[],"tiered_pricing_percentage_rules":[],"tiered_pricing_maximum_quantity":null,"tiered_pricing_quantity_step":null,"_links":{"self":[{"href":"https:\/\/bagpipe.de\/en\/wp-json\/wp\/v2\/product\/21822","targetHints":{"allow":["GET"]}}],"collection":[{"href":"https:\/\/bagpipe.de\/en\/wp-json\/wp\/v2\/product"}],"about":[{"href":"https:\/\/bagpipe.de\/en\/wp-json\/wp\/v2\/types\/product"}],"replies":[{"embeddable":true,"href":"https:\/\/bagpipe.de\/en\/wp-json\/wp\/v2\/comments?post=21822"}],"wp:featuredmedia":[{"embeddable":true,"href":"https:\/\/bagpipe.de\/en\/wp-json\/wp\/v2\/media\/17286"}],"wp:attachment":[{"href":"https:\/\/bagpipe.de\/en\/wp-json\/wp\/v2\/media?parent=21822"}],"wp:term":[{"taxonomy":"product_brand","embeddable":true,"href":"https:\/\/bagpipe.de\/en\/wp-json\/wp\/v2\/product_brand?post=21822"},{"taxonomy":"product_cat","embeddable":true,"href":"https:\/\/bagpipe.de\/en\/wp-json\/wp\/v2\/product_cat?post=21822"},{"taxonomy":"product_tag","embeddable":true,"href":"https:\/\/bagpipe.de\/en\/wp-json\/wp\/v2\/product_tag?post=21822"}],"curies":[{"name":"wp","href":"https:\/\/api.w.org\/{rel}","templated":true}]}}