{"id":21863,"date":"2022-11-30T11:09:54","date_gmt":"2022-11-30T10:09:54","guid":{"rendered":"https:\/\/bagpipe.de\/produkt\/uncategorized\/la-marmotte-breton-dances-cd\/"},"modified":"2024-08-16T16:17:25","modified_gmt":"2024-08-16T14:17:25","slug":"la-marmotte-breton-taenze-cd","status":"publish","type":"product","link":"https:\/\/bagpipe.de\/en\/la-marmotte-breton-taenze-cd\/","title":{"rendered":"La Marmotte: Breton Dances CD"},"content":{"rendered":"<p>We still found a few copies of the legendary CD of the group La Marmotte. The excellently recorded and fully danceable melodies were produced in 1995 as a companion recording to the now out-of-print dance instruction book &#8220;40 Breton Dances&#8221; by Corina Oosterveen. The CD offered here is packaged in a plastic sleeve together with the booklet and is available at a special price while stocks last. <strong>La Marmotte<\/strong>: Ulli R\u00fcdiger: Biniou, Flemish bagpipes, nyckelharpa, vocals Christoph Pelgen bombarde, clarinet, tin whistle, recorders, mandolin, gaita, H\u00fcmmelchen, shepherd&#8217;s pipe, Jew&#8217;s harp, vocals Konstanze Kulinsky: hurdy-gurdy, vocals J\u00fcrgen Treyz: diat. and chrome. Accordion, guitars, low whistle, bass recorder, oboe, organ, vocals, synthesizer and as guests: Olav Krau\u00df: violin, Udo Will: marimba, Hans-Georg Schuller: acoust. Bass guitar, Herbert Wachter: Congas, Bongos, Darabukka, Drum Set, Tschanggo, Shaker, Kaxixi, Shekere, gr. Drum, snare, cymbals, gong, timbales, triangle <strong>The titles:<\/strong> 1. Rid\u00e9e 6 temps 2. avant deux de travers de Tr\u00e9guier 3. hemp dro 4th suite gavotte ar menez 5. an dro modh kozh 6. da\u00f1s leon 7. hanter-dro gorge 8. la mara\u00eechine 9th Suite de Loud\u00e9ac &amp; Riqueni\u00e9e 10. pil\u00e9 menu 11. rond de St. Vincent 12. pachpi 13. larid\u00e9 8 temps 14. cost ar c`hoat 15 Hanter Dro An Dro 16. suite Plin 17th Da\u00f1s Mol\u00e8ne &nbsp; Total time 63:28<\/p>\n","protected":false},"excerpt":{"rendered":"<p>CD accompanying the book &#8220;40 Breton dances&#8221; played by the group La Marmotte<\/p>\n","protected":false},"featured_media":17344,"comment_status":"open","ping_status":"closed","template":"","meta":[],"product_brand":[],"product_cat":[1082,1081,1080],"product_tag":[],"class_list":{"0":"post-21863","1":"product","2":"type-product","3":"status-publish","4":"has-post-thumbnail","6":"product_cat-audio-cds-en","7":"product_cat-new-releases-and-offers","8":"product_cat-publishing-house-of-the-minstrels","10":"first","11":"outofstock","12":"taxable","13":"shipping-taxable","14":"purchasable","15":"product-type-simple"},"composite_virtual":false,"composite_layout":"","composite_add_to_cart_form_location":"","composite_editable_in_cart":false,"composite_sold_individually_context":"","composite_shop_price_calc":"","composite_components":[],"composite_scenarios":[],"bundled_by":[],"bundle_stock_status":"outofstock","bundle_stock_quantity":0,"bundle_virtual":false,"bundle_layout":"","bundle_add_to_cart_form_location":"","bundle_editable_in_cart":false,"bundle_sold_individually_context":"","bundle_item_grouping":"","bundle_min_size":"","bundle_max_size":"","bundle_price":[],"bundled_items":[],"bundle_sell_ids":[],"exclude_global_add_ons":[],"addons":[],"tiered_pricing_type":"fixed","tiered_pricing_fixed_rules":[],"tiered_pricing_product_settings":{"layout":"default","base_unit_name":{"singular":null,"plural":null},"default_variation":null},"tiered_pricing_minimum_quantity":null,"tiered_pricing_roles_data":[],"tiered_pricing_percentage_rules":[],"tiered_pricing_maximum_quantity":null,"tiered_pricing_quantity_step":null,"_links":{"self":[{"href":"https:\/\/bagpipe.de\/en\/wp-json\/wp\/v2\/product\/21863","targetHints":{"allow":["GET"]}}],"collection":[{"href":"https:\/\/bagpipe.de\/en\/wp-json\/wp\/v2\/product"}],"about":[{"href":"https:\/\/bagpipe.de\/en\/wp-json\/wp\/v2\/types\/product"}],"replies":[{"embeddable":true,"href":"https:\/\/bagpipe.de\/en\/wp-json\/wp\/v2\/comments?post=21863"}],"wp:featuredmedia":[{"embeddable":true,"href":"https:\/\/bagpipe.de\/en\/wp-json\/wp\/v2\/media\/17344"}],"wp:attachment":[{"href":"https:\/\/bagpipe.de\/en\/wp-json\/wp\/v2\/media?parent=21863"}],"wp:term":[{"taxonomy":"product_brand","embeddable":true,"href":"https:\/\/bagpipe.de\/en\/wp-json\/wp\/v2\/product_brand?post=21863"},{"taxonomy":"product_cat","embeddable":true,"href":"https:\/\/bagpipe.de\/en\/wp-json\/wp\/v2\/product_cat?post=21863"},{"taxonomy":"product_tag","embeddable":true,"href":"https:\/\/bagpipe.de\/en\/wp-json\/wp\/v2\/product_tag?post=21863"}],"curies":[{"name":"wp","href":"https:\/\/api.w.org\/{rel}","templated":true}]}}