{"id":21869,"date":"2022-11-30T11:03:17","date_gmt":"2022-11-30T10:03:17","guid":{"rendered":"https:\/\/bagpipe.de\/produkt\/uncategorized\/the-dancing-bear-3-accompaniment-cd-without-book\/"},"modified":"2024-08-16T16:18:16","modified_gmt":"2024-08-16T14:18:16","slug":"the-dancing-bear-3-accompaniment-cd-without-book","status":"publish","type":"product","link":"https:\/\/bagpipe.de\/en\/the-dancing-bear-3-accompaniment-cd-without-book\/","title":{"rendered":"The dancing bear 3 &#8211; accompaniment CD (without book)"},"content":{"rendered":"<p>21 folk dances to join in &#8211; audio CD for the dance textbook Der Tanzb\u00e4r 3 This CD is included with our dance textbook &#8216;Der Tanzb\u00e4r &#8211; Band 3&#8217;. However, it can also be ordered separately as a CD here. The melodies of Tanzb\u00e4r 3 were recorded for listening or dancing by the following groups and musicians: &nbsp;<strong>Au Gr\u00e9 des Vents:<\/strong> (Dany\u00e8le Besserer, Gilles Pequignot, Val\u00e8re Kaletka, Mathieu Lavarenne)  <\/p>\n<ul>\n<li>Veila Rosa Bliamala<\/li>\n<li>Matchpolka<\/li>\n<li>Bransle au gr\u00e9 des Musiciens<\/li>\n<li>Valse coup\u00e9e<\/li>\n<li>Rondeau des Petites Landes<\/li>\n<li>L&#8217;homme qui marche<\/li>\n<\/ul>\n<p><strong>Hay-Non:<\/strong> (Tilman Teuscher, Torsten Dreher, Michael von der Weth, Hans-Ludwig Jessl)  <\/p>\n<ul>\n<li>Sellingers Round<\/li>\n<li>Courante de Lomagne<\/li>\n<li>Skaters<\/li>\n<li>Swedish Scottish variant<\/li>\n<li>Bourr\u00e9e de La Ch\u00e2tre<\/li>\n<li>Branle d&#8217;Ecosse<\/li>\n<\/ul>\n<p><strong>The Hayners: <\/strong> (Torsten Dreher, Marianne Kirschner-Dreher, Michael von der Weth, Bettina Stier-Zinn, Hans-Ludwig Jessl, Richard Buchner)  <\/p>\n<ul>\n<li>Stigvals<\/li>\n<li>Italian polka<\/li>\n<li>Bachm\u00fchlerl<\/li>\n<li>Mexican waltz<\/li>\n<li>Dans Mol\u00e8ne<\/li>\n<\/ul>\n<p><strong>Changeling: <\/strong> (Michael M\u00fcller, Jeanette Klein, Eckard D\u00e4hnert)  <\/p>\n<ul>\n<li>Gavotte<\/li>\n<li>Les Quatre Pas de Luxey<\/li>\n<li>Mara\u00eechin<\/li>\n<li>Baillez-Li<\/li>\n<\/ul>\n<p><span style=\"color: #660000;\"><strong>Order no.: C<\/strong><\/span><strong><span style=\"color: #660000;\">D0002 Format: Audio-CD Playing time: 72:58 min <\/span><span style=\"color: #660000;\">Packaging: Jewelbox<\/span><\/strong><\/p>\n","protected":false},"excerpt":{"rendered":"<p>21 folk dances to join in &#8211; Audio CD to the dance textbook Der Tanzb\u00e4r 3<\/p>\n","protected":false},"featured_media":17292,"comment_status":"open","ping_status":"closed","template":"","meta":[],"product_brand":[],"product_cat":[1082,1080],"product_tag":[],"class_list":{"0":"post-21869","1":"product","2":"type-product","3":"status-publish","4":"has-post-thumbnail","6":"product_cat-audio-cds-en","7":"product_cat-publishing-house-of-the-minstrels","9":"first","10":"outofstock","11":"taxable","12":"shipping-taxable","13":"purchasable","14":"product-type-simple"},"composite_virtual":false,"composite_layout":"","composite_add_to_cart_form_location":"","composite_editable_in_cart":false,"composite_sold_individually_context":"","composite_shop_price_calc":"","composite_components":[],"composite_scenarios":[],"bundled_by":[],"bundle_stock_status":"outofstock","bundle_stock_quantity":0,"bundle_virtual":false,"bundle_layout":"","bundle_add_to_cart_form_location":"","bundle_editable_in_cart":false,"bundle_sold_individually_context":"","bundle_item_grouping":"","bundle_min_size":"","bundle_max_size":"","bundle_price":[],"bundled_items":[],"bundle_sell_ids":[],"exclude_global_add_ons":[],"addons":[],"tiered_pricing_type":"fixed","tiered_pricing_fixed_rules":[],"tiered_pricing_product_settings":{"layout":"default","base_unit_name":{"singular":null,"plural":null},"default_variation":null},"tiered_pricing_minimum_quantity":null,"tiered_pricing_roles_data":[],"tiered_pricing_percentage_rules":[],"tiered_pricing_maximum_quantity":null,"tiered_pricing_quantity_step":null,"_links":{"self":[{"href":"https:\/\/bagpipe.de\/en\/wp-json\/wp\/v2\/product\/21869","targetHints":{"allow":["GET"]}}],"collection":[{"href":"https:\/\/bagpipe.de\/en\/wp-json\/wp\/v2\/product"}],"about":[{"href":"https:\/\/bagpipe.de\/en\/wp-json\/wp\/v2\/types\/product"}],"replies":[{"embeddable":true,"href":"https:\/\/bagpipe.de\/en\/wp-json\/wp\/v2\/comments?post=21869"}],"wp:featuredmedia":[{"embeddable":true,"href":"https:\/\/bagpipe.de\/en\/wp-json\/wp\/v2\/media\/17292"}],"wp:attachment":[{"href":"https:\/\/bagpipe.de\/en\/wp-json\/wp\/v2\/media?parent=21869"}],"wp:term":[{"taxonomy":"product_brand","embeddable":true,"href":"https:\/\/bagpipe.de\/en\/wp-json\/wp\/v2\/product_brand?post=21869"},{"taxonomy":"product_cat","embeddable":true,"href":"https:\/\/bagpipe.de\/en\/wp-json\/wp\/v2\/product_cat?post=21869"},{"taxonomy":"product_tag","embeddable":true,"href":"https:\/\/bagpipe.de\/en\/wp-json\/wp\/v2\/product_tag?post=21869"}],"curies":[{"name":"wp","href":"https:\/\/api.w.org\/{rel}","templated":true}]}}