{"id":21918,"date":"2022-11-30T10:58:37","date_gmt":"2022-11-30T09:58:37","guid":{"rendered":"https:\/\/bagpipe.de\/produkt\/uncategorized\/pelgen-tunes-vol-2\/"},"modified":"2026-03-29T13:58:55","modified_gmt":"2026-03-29T11:58:55","slug":"pelgen-tunes-vol-2","status":"publish","type":"product","link":"https:\/\/bagpipe.de\/en\/pelgen-tunes-vol-2\/","title":{"rendered":"Pelgen Tunes &#8211; Vol. 2"},"content":{"rendered":"<p>Anyone who has heard him at a BalFolk or a concert knows: Christoph Pelgen sets the tone for great, rousing (dance) music, virtuoso playing and crisp arrangements like no other in recent years.&nbsp; <\/p>\n<p>Many of his self-composed melodies have become real popular tunes, and as a popular course instructor he always inspires and motivates his participants with fresh and interesting sheet music.&nbsp; <\/p>\n<p>Currently, the second volume of the collection has been published, which again contains exclusively compositions by Christoph Pelgen! In the new volume there are 81 often polyphonic melodies that contain all that can be played on (drone) instruments. With musical ideas across Europe to the Balkans and the Bosporus.&nbsp; <\/p>\n<p>A collection of sheet music for all who enjoy good drone music and the further development of traditional music!<\/p>\n<\/p>\n<p><strong>English:  <\/strong><\/p>\n<p>Christoph Pelgen is well known for his great bagpipe playing, compelling (dance) music, virtuoso playing and great arrangements. With his bands &#8216;La Marmotte&#8217; and &#8216;Cassard&#8217; he is regularily playing Concerts and BalFolks all over Germany and in neighboring countries.<\/p>\n<p>Many of his self-composed melodies have already become very popular and he is a well sought after as teacher for bagpipe and ensemble workshops. With his fresh and interesting musical material he always inspires and motivates his participants.  <\/p>\n<p>This is his second collection, containing only compositions by Christoph Pelgen. The new volume contains 81 great tunes for (drone) instruments. Christoph&#8217;s musical ideas are inspired by the whole range of european traditional music up to the Balkans and as far as the Bosporus.<\/p>\n<p>A great collection of music for all who enjoy good drone music and the evolution of traditional music!<\/p>\n<p><strong>Title list volume 2 by dance types<\/strong><\/p>\n<p><strong>Bourr\u00e9e<\/strong><\/p>\n<ul>\n<li>Bourr\u00e9e au lait  <\/li>\n<li>Burkhard Bourr\u00e9e  <\/li>\n<li>Eloquentia  <\/li>\n<li>In the pack ice  <\/li>\n<li>Les cavernes  <\/li>\n<\/ul>\n<p><strong>Breton<\/strong><\/p>\n<ul>\n<li>Enchant\u00e9  <\/li>\n<li>Kaz ar barh  <\/li>\n<li>Saint-Jacques  <\/li>\n<li>Spooky Sim\n<p>&nbsp;<\/li>\n<\/ul>\n<p><strong>Cercle \/ Chapelloise  <\/strong><\/p>\n<ul>\n<li>Chybulski  <\/li>\n<li>Kalimotxo  <\/li>\n<li>Knucklebones  <\/li>\n<li>Cow spot chocolate  <\/li>\n<li>Mr CEK&nbsp;&nbsp;<\/li>\n<\/ul>\n<p><strong>Mazurka<\/strong><\/p>\n<ul>\n<li>Birgit1  <\/li>\n<li>Elizabeth mazurka  <\/li>\n<li>Herds mazurka  <\/li>\n<li>Ermine  <\/li>\n<li>Crooked alley AT  <\/li>\n<\/ul>\n<p><strong>Miscellaneous<\/strong><\/p>\n<ul>\n<li>Farmer&#8217;s cock  <\/li>\n<li>Bafa G\u00f6l\u00fc  <\/li>\n<li>Berceuse  <\/li>\n<li>Brrrt!  <\/li>\n<li>Des cacahu\u00e8tes pour un chevalier  <\/li>\n<li>Garden of butterflies  <\/li>\n<li>Heptacob  <\/li>\n<li>Mario&#8217;s  <\/li>\n<li>Obersteigerstochter  <\/li>\n<li>Ruby light  <\/li>\n<li>Santurtzi  <\/li>\n<li>Schorndorfwasen 1514  <\/li>\n<li>Seni \u00e7ok \u00f6zledim  <\/li>\n<li>SpVgg Shagai  <\/li>\n<li>Stumbling blocks  <\/li>\n<li>Ulm sparrows  <\/li>\n<li>Waldesruh  <\/li>\n<\/ul>\n<p><strong>Polka<\/strong><\/p>\n<ul>\n<li>The coke seal  <\/li>\n<li>Wrong hand!  <\/li>\n<li>F\u00fcrsteneck morning circle  <\/li>\n<li>OCMC  <\/li>\n<li>Oleg and Ludmilla  <\/li>\n<li>Volka polka  <\/li>\n<li>F\u00f6rsj\u00f6n  <\/li>\n<li>Krika Skog  <\/li>\n<li>Pyttipanna Polska  <\/li>\n<\/ul>\n<p><strong>Polska<\/strong><\/p>\n<ul>\n<li>F\u00f6rsj\u00f6n  <\/li>\n<li>Krika Skog  <\/li>\n<li>Pyttipanna Polska&nbsp;&nbsp;<\/li>\n<\/ul>\n<p>Rumba<\/p>\n<ul>\n<li>LZ 60&nbsp;\n<p>&nbsp;<\/li>\n<\/ul>\n<p><strong>Scottish<\/strong><\/p>\n<ul>\n<li>C\u00f6rris Coco Wonderland  <\/li>\n<li>The black man  <\/li>\n<li>The therapy group  <\/li>\n<li>Drones &#8216;n&#8217; pans  <\/li>\n<li>Gare de l&#8217;ouest \/ Gare du nord  <\/li>\n<li>Hannah Scottish  <\/li>\n<li>It&#8217;s so fluffy!  <\/li>\n<li>Bling Club  <\/li>\n<li>Le trafiquant  <\/li>\n<li>Marcello Martello  <\/li>\n<li>Martin  <\/li>\n<li>Mattia  <\/li>\n<li>Mr. W. Clark  <\/li>\n<li>Pfn\u00fcsel Scottish  <\/li>\n<li>Scottish Kadou  <\/li>\n<li>Simone&#8217;s hop Scottish  <\/li>\n<li>Taras Bulba  <\/li>\n<li>Tejgruehrer  <\/li>\n<li>Gym, 2:30 pm  <\/li>\n<li>Ultreya  <\/li>\n<li>Voici M. Patapouf!&nbsp;&nbsp;<\/li>\n<\/ul>\n<p><strong>Valse \u00e0 5 temps<\/strong><\/p>\n<ul>\n<li>Gelsenkirchen 1909  <\/li>\n<li>Phrygomania  <\/li>\n<li>Sabot\u00f8r S\u00f8ren \u00d8lstr\u00f8m  <\/li>\n<li>Valse f\u00e9erique  <\/li>\n<\/ul>\n<p><strong>Waltz<\/strong><\/p>\n<ul>\n<li>Anett waltz  <\/li>\n<li>Wedding waltz  <\/li>\n<li>Je me souviens  <\/li>\n<li>Pi\u00f9 vero  <\/li>\n<li>Refugees  <\/li>\n<li>Sans famille  <\/li>\n<li>Swaying to and fro  <\/li>\n<li>Triacastela  <\/li>\n<li>Valse pour Suzette  <\/li>\n<\/ul>\n<p><strong>Twofold<\/strong><\/p>\n<ul>\n<li>Drea waltz  <\/li>\n<\/ul>\n<p><strong><font color=\"#660000\">Order no:&nbsp;<\/font><\/strong><strong><font color=\"#660000\">89-6<br \/>ISBN:&nbsp;978-3-927240-89-6<br \/>Format:&nbsp;DIN A4<br \/>Number of pages: 104 pages<br \/>Cover: Wire-O<br \/><\/font><\/strong><\/p>\n","protected":false},"excerpt":{"rendered":"<p>81 new tunes for bagpipe, hurdy-gurdy, fiddle, flute etc. with chords by Christoph Pelgen<\/p>\n","protected":false},"featured_media":17231,"comment_status":"open","ping_status":"closed","template":"","meta":[],"product_brand":[],"product_cat":[1206,1080,1078],"product_tag":[],"class_list":{"0":"post-21918","1":"product","2":"type-product","3":"status-publish","4":"has-post-thumbnail","6":"product_cat-books","7":"product_cat-publishing-house-of-the-minstrels","8":"product_cat-sheet-music-collections","10":"first","11":"instock","12":"taxable","13":"shipping-taxable","14":"purchasable","15":"product-type-simple"},"composite_virtual":false,"composite_layout":"","composite_add_to_cart_form_location":"","composite_editable_in_cart":false,"composite_sold_individually_context":"","composite_shop_price_calc":"","composite_components":[],"composite_scenarios":[],"bundled_by":[],"bundle_stock_status":"instock","bundle_stock_quantity":163,"bundle_virtual":false,"bundle_layout":"","bundle_add_to_cart_form_location":"","bundle_editable_in_cart":false,"bundle_sold_individually_context":"","bundle_item_grouping":"","bundle_min_size":"","bundle_max_size":"","bundle_price":[],"bundled_items":[],"bundle_sell_ids":[],"exclude_global_add_ons":[],"addons":[],"tiered_pricing_type":"fixed","tiered_pricing_fixed_rules":[],"tiered_pricing_product_settings":{"layout":"default","base_unit_name":{"singular":null,"plural":null},"default_variation":null},"tiered_pricing_minimum_quantity":null,"tiered_pricing_roles_data":[],"tiered_pricing_percentage_rules":[],"tiered_pricing_maximum_quantity":null,"tiered_pricing_quantity_step":null,"_links":{"self":[{"href":"https:\/\/bagpipe.de\/en\/wp-json\/wp\/v2\/product\/21918","targetHints":{"allow":["GET"]}}],"collection":[{"href":"https:\/\/bagpipe.de\/en\/wp-json\/wp\/v2\/product"}],"about":[{"href":"https:\/\/bagpipe.de\/en\/wp-json\/wp\/v2\/types\/product"}],"replies":[{"embeddable":true,"href":"https:\/\/bagpipe.de\/en\/wp-json\/wp\/v2\/comments?post=21918"}],"wp:featuredmedia":[{"embeddable":true,"href":"https:\/\/bagpipe.de\/en\/wp-json\/wp\/v2\/media\/17231"}],"wp:attachment":[{"href":"https:\/\/bagpipe.de\/en\/wp-json\/wp\/v2\/media?parent=21918"}],"wp:term":[{"taxonomy":"product_brand","embeddable":true,"href":"https:\/\/bagpipe.de\/en\/wp-json\/wp\/v2\/product_brand?post=21918"},{"taxonomy":"product_cat","embeddable":true,"href":"https:\/\/bagpipe.de\/en\/wp-json\/wp\/v2\/product_cat?post=21918"},{"taxonomy":"product_tag","embeddable":true,"href":"https:\/\/bagpipe.de\/en\/wp-json\/wp\/v2\/product_tag?post=21918"}],"curies":[{"name":"wp","href":"https:\/\/api.w.org\/{rel}","templated":true}]}}