{"id":21960,"date":"2022-11-30T11:00:08","date_gmt":"2022-11-30T10:00:08","guid":{"rendered":"https:\/\/bagpipe.de\/produkt\/uncategorized\/bourree-bourree-bourree-with-accompanying-cd\/"},"modified":"2026-03-25T13:08:21","modified_gmt":"2026-03-25T12:08:21","slug":"bourree-bourree-with-accompaniment-cd","status":"publish","type":"product","link":"https:\/\/bagpipe.de\/en\/bourree-bourree-with-accompaniment-cd\/","title":{"rendered":"Bourr\u00e9e, Bourr\u00e9e, Bourr\u00e9e &#8211; (with accompanying CD)"},"content":{"rendered":"<p class=\"produktinfo\">The author of our popular Breton dance book here presents basics and specifics of 30 different French bourre dances.<\/p>\n<p class=\"produktinfo\">The bourree in its very different forms has for many years become one of the most popular dances of all, also in the German bal-folk scene.<\/p>\n<p class=\"produktinfo\">The French bourree originates from folk traditions of Auvergne, Berry, Limousin, Bourbonnais and Morvan. However, the dance forms that can be observed in these regions today, and the way they are danced, no longer have much to do with the original traditions.<\/p>\n<p class=\"produktinfo\">Today&#8217;s dance practice is a revival of the bourree with changes shaped by the teaching of a wide variety of dance leaders. The dance descriptions are based on contemporary practice and are an interpretation of traditional repertoire rather than a strict documentation of the bourre styles of past centuries.<\/p>\n<p class=\"produktinfo\">To dance the Bourree choreographies presented in the book, the CD from our new series Dance Repertoire Bourr\u00e9e Bourr\u00e9e Bourr\u00e9e with recordings of the dances in a well danceable form is included with the book.<\/p>\n<p class=\"produktinfo\"><strong>English:  <\/strong><\/p>\n<p class=\"produktinfo\">The author of our popular Breton dance book presents basics techniques and characteristics of 30 different French Bourr\u00e9e dances.<\/p>\n<p class=\"produktinfo\">The Bourr\u00e9e in it&#8217;s very different forms has been one of the most popular dances in the German-Bal folk scene for many years.<\/p>\n<p class=\"produktinfo\">The French Bourr\u00e9e is evident from folk traditions of the Auvergne, Berry, Limousin, Morvan, Bourbonnais. The dance forms that can be seen today in these regions, and the way they are danced, have not much to do with the original traditions, though.<\/p>\n<p class=\"produktinfo\">The way the Bourr\u00e9e is danced after the revival is characterized by the teaching of diverse dance masters. The dance descriptions are based on contemporary practice and are rather an interpretation of the traditional repertoire as a rigorous documentation of Bourr\u00e9e style of past centuries.<\/p>\n<p class=\"produktinfo\">The dance book &#8216;Bourree Bourree Bourree&#8217; comes with a CD with recordings of the dances in good danceable form and with the original sound of a french Bal Folk. This CD was rewarded a &#8216;BRAVO&#8217; from the French music magazine &#8216;trad. magazine&#8217;.<\/p>\n<p class=\"produktinfo\"><strong>From the contents:<\/strong><\/p>\n<ul>\n<li>\n<div class=\"produktinfo\">\n<p>  Introduction to the History of Bourr\u00e9e<\/p>\n<\/div>\n<\/li>\n<li>\n<div class=\"produktinfo\">\n<p>  Choreology<\/p>\n<\/div>\n<\/li>\n<li>\n<div class=\"produktinfo\">\n<p>  Basic steps of the Bourr\u00e9e<\/p>\n<\/div>\n<\/li>\n<li>\n<div class=\"produktinfo\">\n<p>  Basic forms of Bourr\u00e9e<\/p>\n<\/div>\n<\/li>\n<li>\n<div class=\"produktinfo\">\n<p>  Bourr\u00e9e 30 choreographies from the following regions:<\/p>\n<p>&#8211; Berry<\/p>\n<p>&#8211; Auvergne<\/p>\n<p>&#8211; Bourbonnais<\/p>\n<p>&#8211; Morvan<\/p>\n<p>&#8211; Nivernais<\/p>\n<p>&#8211; note Annex<\/p>\n<p>&#8211; glossary<\/p>\n<\/div>\n<\/li>\n<li>\n<div class=\"produktinfo\">\n<p>  Bibliography<\/p>\n<\/div>\n<\/li>\n<\/ul>\n<p class=\"produktinfo\">The book is written in German language.<\/p>\n<p class=\"produktinfo\"><strong><span style=\"color: #660000;\">Order no:  <\/span><\/strong><strong><span style=\"color: #660000;\">49-4<br \/>\nISBN: 978-3-927240-49-4<br \/>\nFormat: DIN A4<br \/>\nNumber of pages: 96 pages with CD<br \/>\nBinding: Wire-O spiral binding<\/span><\/strong><\/p>\n<p class=\"produktinfo\">\n","protected":false},"excerpt":{"rendered":"<p>Textbook for the French folk dance Bourr\u00e9e by Corina Oosterveen (Book &amp; CD)<\/p>\n","protected":false},"featured_media":23048,"comment_status":"open","ping_status":"closed","template":"","meta":[],"product_brand":[],"product_cat":[1206,1085,1088,1080,1087],"product_tag":[],"class_list":{"0":"post-21960","1":"product","2":"type-product","3":"status-publish","4":"has-post-thumbnail","6":"product_cat-books","7":"product_cat-dance-instructions","8":"product_cat-nonfiction","9":"product_cat-publishing-house-of-the-minstrels","10":"product_cat-textbooks","12":"first","13":"instock","14":"taxable","15":"shipping-taxable","16":"purchasable","17":"product-type-simple"},"composite_virtual":false,"composite_layout":"","composite_add_to_cart_form_location":"","composite_editable_in_cart":false,"composite_sold_individually_context":"","composite_shop_price_calc":"","composite_components":[],"composite_scenarios":[],"bundled_by":[],"bundle_stock_status":"instock","bundle_stock_quantity":271,"bundle_virtual":false,"bundle_layout":"","bundle_add_to_cart_form_location":"","bundle_editable_in_cart":false,"bundle_sold_individually_context":"","bundle_item_grouping":"","bundle_min_size":"","bundle_max_size":"","bundle_price":[],"bundled_items":[],"bundle_sell_ids":[],"exclude_global_add_ons":[],"addons":[],"tiered_pricing_type":"fixed","tiered_pricing_fixed_rules":[],"tiered_pricing_product_settings":{"layout":"default","base_unit_name":{"singular":null,"plural":null},"default_variation":null},"tiered_pricing_minimum_quantity":null,"tiered_pricing_roles_data":[],"tiered_pricing_percentage_rules":[],"tiered_pricing_maximum_quantity":null,"tiered_pricing_quantity_step":null,"_links":{"self":[{"href":"https:\/\/bagpipe.de\/en\/wp-json\/wp\/v2\/product\/21960","targetHints":{"allow":["GET"]}}],"collection":[{"href":"https:\/\/bagpipe.de\/en\/wp-json\/wp\/v2\/product"}],"about":[{"href":"https:\/\/bagpipe.de\/en\/wp-json\/wp\/v2\/types\/product"}],"replies":[{"embeddable":true,"href":"https:\/\/bagpipe.de\/en\/wp-json\/wp\/v2\/comments?post=21960"}],"wp:featuredmedia":[{"embeddable":true,"href":"https:\/\/bagpipe.de\/en\/wp-json\/wp\/v2\/media\/23048"}],"wp:attachment":[{"href":"https:\/\/bagpipe.de\/en\/wp-json\/wp\/v2\/media?parent=21960"}],"wp:term":[{"taxonomy":"product_brand","embeddable":true,"href":"https:\/\/bagpipe.de\/en\/wp-json\/wp\/v2\/product_brand?post=21960"},{"taxonomy":"product_cat","embeddable":true,"href":"https:\/\/bagpipe.de\/en\/wp-json\/wp\/v2\/product_cat?post=21960"},{"taxonomy":"product_tag","embeddable":true,"href":"https:\/\/bagpipe.de\/en\/wp-json\/wp\/v2\/product_tag?post=21960"}],"curies":[{"name":"wp","href":"https:\/\/api.w.org\/{rel}","templated":true}]}}