{"id":22628,"date":"2022-11-30T11:02:28","date_gmt":"2022-11-30T10:02:28","guid":{"rendered":"https:\/\/bagpipe.de\/produkt\/uncategorized\/obermeiers-drone-polyphony-volume-2\/"},"modified":"2026-03-31T09:17:44","modified_gmt":"2026-03-31T07:17:44","slug":"obermeiers-bordun-polyphony-tape-2","status":"publish","type":"product","link":"https:\/\/bagpipe.de\/en\/obermeiers-bordun-polyphony-tape-2\/","title":{"rendered":"Obermeier&#8217;s (drone) polyphony &#8211; Volume 2"},"content":{"rendered":"<p><span style=\"color: #660000;\"><span style=\"color: #000000;\">The second volume of Polyphony expands the interesting collection of sheet music of contemporary drone music with another 32 traditional and newly composed melodies.  <\/span><\/span><\/p>\n<p><span style=\"color: #660000;\"><span style=\"color: #000000;\">Features of all 3 volumes: Four-language introduction (German, English, French and Dutch) to the music and tips on instrumentation and scoring.  <\/span><\/span><\/p>\n<p><span style=\"color: #660000;\"><span style=\"color: #000000;\">The keys and voices are chosen so that they can be played by hurdy-gurdies and bagpipes in G\/C or D\/G tuning, but also by other musical instruments with the necessary range. The bass clef system is intended for cello, but can be adopted by any other bass instrument.  <\/span><\/span><\/p>\n<p><span style=\"color: #660000;\"><span style=\"color: #000000;\">The melody lines are underlaid with harmony names for the use of guitars or other harmony instruments.  <\/span><\/span><\/p>\n<p><span style=\"color: #660000;\"><span style=\"color: #000000;\">References to the original pieces and notes on the type of performance, instrumentation and voice parts of the instruments complete the collection of sheet music.  <\/span><\/span><\/p>\n<p><span style=\"color: #660000;\"><span style=\"color: #000000;\"><strong>Table of Contents Volume 2:<\/strong><\/span><\/span><\/p>\n<ul>\n<li><span style=\"color: #660000;\"><span style=\"color: #000000;\">Bourr\u00e9e 2\/4 Bourr\u00e9e de Jenzat (trad. Bourbonnais)<\/span><\/span><\/li>\n<li><span style=\"color: #660000;\"><span style=\"color: #000000;\">Bourr\u00e9e de Clermont-Ferrand (trad. Auvergne)<\/span><\/span><\/li>\n<li><span style=\"color: #660000;\"><span style=\"color: #000000;\">Bourr\u00e9e de Thiers (trad. Auvergne)<\/span><\/span><\/li>\n<li><span style=\"color: #660000;\"><span style=\"color: #000000;\">Bourr\u00e9e 3\/4 Bourr\u00e9e La Champagnac (trad. Corr\u00e8ze)<\/span><\/span><\/li>\n<li><span style=\"color: #660000;\"><span style=\"color: #000000;\">Tourniquet de St. Flour (trad. Auvergne)<\/span><\/span><\/li>\n<li><span style=\"color: #660000;\"><span style=\"color: #000000;\">P\u00e8re Perroquet (J\u00fcrgen Obermeier)<\/span><\/span><\/li>\n<li><span style=\"color: #660000;\"><span style=\"color: #000000;\">Fil et Bobine (Jean Blanchard)<\/span><\/span><\/li>\n<li><span style=\"color: #660000;\"><span style=\"color: #000000;\">La Coccinelle (Jean Blanchard)<\/span><\/span><\/li>\n<li><span style=\"color: #660000;\"><span style=\"color: #000000;\">Bourr\u00e9e \u00e0 Fran\u00e7ois (Fran\u00e7ois Vidalenc)<\/span><\/span><\/li>\n<li><span style=\"color: #660000;\"><span style=\"color: #000000;\">La Ratapana Auvergnatte (trad. Auvergne)<\/span><\/span><\/li>\n<li><span style=\"color: #660000;\"><span style=\"color: #000000;\">Bourr\u00e9e (trad.)<\/span><\/span><\/li>\n<li><span style=\"color: #660000;\"><span style=\"color: #000000;\">Gigue Chasse au Renard (J\u00fcrgen Obermeier)<\/span><\/span><\/li>\n<li><span style=\"color: #660000;\"><span style=\"color: #000000;\">Marche Pas du Loup (Ernest Jaillet)<\/span><\/span><\/li>\n<li><span style=\"color: #660000;\"><span style=\"color: #000000;\">La Promenade du Crabe (trad.)<\/span><\/span><\/li>\n<li><span style=\"color: #660000;\"><span style=\"color: #000000;\">Mazurka Tous les Parphums (Marc Malempr\u00e9)<\/span><\/span><\/li>\n<li><span style=\"color: #660000;\"><span style=\"color: #000000;\">Borombondo (Ernest Jaillet)<\/span><\/span><\/li>\n<li><span style=\"color: #660000;\"><span style=\"color: #000000;\">Juliette (Antoine Bouscatel)<\/span><\/span><\/li>\n<li><span style=\"color: #660000;\"><span style=\"color: #000000;\">Un Oeuf (Jean Blanchard)<\/span><\/span><\/li>\n<li><span style=\"color: #660000;\"><span style=\"color: #000000;\">Polka La bonne Direction (J\u00fcrgen Obermeier)<\/span><\/span><\/li>\n<li><span style=\"color: #660000;\"><span style=\"color: #000000;\">Polka de Coustouby (Antoine Bouscatel)<\/span><\/span><\/li>\n<li><span style=\"color: #660000;\"><span style=\"color: #000000;\">Sylvestre le M\u00e9n\u00e9trier (trad.)<\/span><\/span><\/li>\n<li><span style=\"color: #660000;\"><span style=\"color: #000000;\">Nos la tenem (trad. Auvergne)<\/span><\/span><\/li>\n<li><span style=\"color: #660000;\"><span style=\"color: #000000;\">Scottiche Scottiche d&#8217;Archigny (trad. Poitou)<\/span><\/span><\/li>\n<li><span style=\"color: #660000;\"><span style=\"color: #000000;\">Scottiche de Pouget (trad. Corr\u00e8ze)<\/span><\/span><\/li>\n<li><span style=\"color: #660000;\"><span style=\"color: #000000;\">Scottiche de Chamberet (Elie Chamberet)<\/span><\/span><\/li>\n<li><span style=\"color: #660000;\"><span style=\"color: #000000;\">Valse 3\/4 Le Mois de Mai (trad. P\u00e9rigord)<\/span><\/span><\/li>\n<li><span style=\"color: #660000;\"><span style=\"color: #000000;\">La Soufflette (Fr\u00e9d\u00e9ric Bordois)<\/span><\/span><\/li>\n<li><span style=\"color: #660000;\"><span style=\"color: #000000;\">Josybel (J\u00fcrgen Obermeier)<\/span><\/span><\/li>\n<li><span style=\"color: #660000;\"><span style=\"color: #000000;\">Valse \u00e0 Lindscheid (J\u00fcrgen Obermeier)<\/span><\/span><\/li>\n<li><span style=\"color: #660000;\"><span style=\"color: #000000;\">Valse de ce Temps la (trad. Limousin)<\/span><\/span><\/li>\n<li><span style=\"color: #660000;\"><span style=\"color: #000000;\">Dans les Yeux de Marie (trad.)<\/span><\/span><\/li>\n<li><span style=\"color: #660000;\"><span style=\"color: #000000;\">Valse 5\/4 Cinq Temps pour Gabi (J\u00fcrgen Obermeier)<\/span><\/span><\/li>\n<li><span style=\"color: #660000;\"><span style=\"color: #000000;\">Melody Berceuse (J\u00fcrgen Obermeier)<\/span><\/span><\/li>\n<li><span style=\"color: #660000;\"><span style=\"color: #000000;\">Discography.  <\/span><\/span><\/li>\n<\/ul>\n<p><span style=\"color: #660000;\"><strong>Order no:  <\/strong><\/span><span style=\"color: #660000;\"><strong>30-8<br \/>\nISBN: 978-3-927240-30-8<br \/>\nFormat: DIN A4<br \/>\nNumber of pages: 56 pages<br \/>\nCover: paperback<\/strong><\/span><\/p>\n","protected":false},"excerpt":{"rendered":"<p>32 traditional and newly composed melodies by J\u00fcrgen Obermeier<\/p>\n","protected":false},"featured_media":17278,"comment_status":"open","ping_status":"closed","template":"","meta":[],"product_brand":[],"product_cat":[1206,1080,1078],"product_tag":[],"class_list":{"0":"post-22628","1":"product","2":"type-product","3":"status-publish","4":"has-post-thumbnail","6":"product_cat-books","7":"product_cat-publishing-house-of-the-minstrels","8":"product_cat-sheet-music-collections","10":"first","11":"instock","12":"taxable","13":"shipping-taxable","14":"purchasable","15":"product-type-simple"},"composite_virtual":false,"composite_layout":"","composite_add_to_cart_form_location":"","composite_editable_in_cart":false,"composite_sold_individually_context":"","composite_shop_price_calc":"","composite_components":[],"composite_scenarios":[],"bundled_by":[],"bundle_stock_status":"instock","bundle_stock_quantity":341,"bundle_virtual":false,"bundle_layout":"","bundle_add_to_cart_form_location":"","bundle_editable_in_cart":false,"bundle_sold_individually_context":"","bundle_item_grouping":"","bundle_min_size":"","bundle_max_size":"","bundle_price":[],"bundled_items":[],"bundle_sell_ids":[],"exclude_global_add_ons":[],"addons":[],"tiered_pricing_type":"fixed","tiered_pricing_fixed_rules":[],"tiered_pricing_product_settings":{"layout":"default","base_unit_name":{"singular":null,"plural":null},"default_variation":null},"tiered_pricing_minimum_quantity":null,"tiered_pricing_roles_data":[],"tiered_pricing_percentage_rules":[],"tiered_pricing_maximum_quantity":null,"tiered_pricing_quantity_step":null,"_links":{"self":[{"href":"https:\/\/bagpipe.de\/en\/wp-json\/wp\/v2\/product\/22628","targetHints":{"allow":["GET"]}}],"collection":[{"href":"https:\/\/bagpipe.de\/en\/wp-json\/wp\/v2\/product"}],"about":[{"href":"https:\/\/bagpipe.de\/en\/wp-json\/wp\/v2\/types\/product"}],"replies":[{"embeddable":true,"href":"https:\/\/bagpipe.de\/en\/wp-json\/wp\/v2\/comments?post=22628"}],"wp:featuredmedia":[{"embeddable":true,"href":"https:\/\/bagpipe.de\/en\/wp-json\/wp\/v2\/media\/17278"}],"wp:attachment":[{"href":"https:\/\/bagpipe.de\/en\/wp-json\/wp\/v2\/media?parent=22628"}],"wp:term":[{"taxonomy":"product_brand","embeddable":true,"href":"https:\/\/bagpipe.de\/en\/wp-json\/wp\/v2\/product_brand?post=22628"},{"taxonomy":"product_cat","embeddable":true,"href":"https:\/\/bagpipe.de\/en\/wp-json\/wp\/v2\/product_cat?post=22628"},{"taxonomy":"product_tag","embeddable":true,"href":"https:\/\/bagpipe.de\/en\/wp-json\/wp\/v2\/product_tag?post=22628"}],"curies":[{"name":"wp","href":"https:\/\/api.w.org\/{rel}","templated":true}]}}