{"id":22630,"date":"2022-11-30T11:02:28","date_gmt":"2022-11-30T10:02:28","guid":{"rendered":"https:\/\/bagpipe.de\/produkt\/uncategorized\/obermeiers-drone-polyphony-volume-3\/"},"modified":"2026-03-31T09:17:49","modified_gmt":"2026-03-31T07:17:49","slug":"obermeiers-bordun-polyphony-tape-3","status":"publish","type":"product","link":"https:\/\/bagpipe.de\/en\/obermeiers-bordun-polyphony-tape-3\/","title":{"rendered":"Obermeier&#8217;s (drone) polyphony &#8211; Volume 3"},"content":{"rendered":"<p><span style=\"color: #660000;\"><span style=\"color: #000000;\">The third volume of Polyphonie concludes this collection of sheet music of contemporary drone music with another 35 melodies.  <\/span><\/span><\/p>\n<p><span style=\"color: #660000;\"><span style=\"color: #000000;\">J\u00fcrgen Obermeier has again selected interesting traditional and newly composed melodies for polyphonic bagpipe and hurdy-gurdy ensembles. Of course, these can also be played on many other instruments.  <\/span><\/span><\/p>\n<p><span style=\"color: #660000;\"><span style=\"color: #000000;\">Features of all 3 volumes: Four-language introduction (German, English, French and Dutch) to the music and tips on instrumentation and scoring.  <\/span><\/span><\/p>\n<p><span style=\"color: #660000;\"><span style=\"color: #000000;\">The keys and voices are chosen so that they can be played by hurdy-gurdies and bagpipes in G\/C or D\/G tuning, but also by other musical instruments with the necessary range. The bass clef system is intended for cello, but can be adopted by any other bass instrument.  <\/span><\/span><\/p>\n<p><span style=\"color: #660000;\"><span style=\"color: #000000;\">The melody lines are underlaid with harmony names for the use of guitars or other harmony instruments.  <\/span><\/span><\/p>\n<p><span style=\"color: #660000;\"><span style=\"color: #000000;\">References to the original pieces and notes on the type of performance, instrumentation and voice parts of the instruments complete the collection of sheet music.  <\/span><\/span><\/p>\n<p><span style=\"color: #660000;\"><span style=\"color: #000000;\"><strong>Table of Contents Volume 3:<\/strong><\/span><\/span><\/p>\n<ul>\n<li><span style=\"color: #660000;\"><span style=\"color: #000000;\">Bourr\u00e9e 2\/4 Bourr\u00e9e d&#8217; Alfred Pommier (trad.)<\/span><\/span><\/li>\n<li><span style=\"color: #660000;\"><span style=\"color: #000000;\">Bourr\u00e9e 3\/4 La sorci\u00e8re (J\u00fcrgen Obermeier)<\/span><\/span><\/li>\n<li><span style=\"color: #660000;\"><span style=\"color: #000000;\">Fai anar ton violon, Petita (trad. Corr\u00e8ze)<\/span><\/span><\/li>\n<li><span style=\"color: #660000;\"><span style=\"color: #000000;\">Bourr\u00e9e de Saint Salvadour (Leon Peyrat, Corr\u00e8ze)<\/span><\/span><\/li>\n<li><span style=\"color: #660000;\"><span style=\"color: #000000;\">Bourr\u00e9e du papillon (trad. Hte. Savoie)<\/span><\/span><\/li>\n<li><span style=\"color: #660000;\"><span style=\"color: #000000;\">Bourr\u00e9e \u00e0 Souli\u00e9 (trad. Aveyron)<\/span><\/span><\/li>\n<li><span style=\"color: #660000;\"><span style=\"color: #000000;\">Bourr\u00e9e de Ste. Anne (Eric Elsener)<\/span><\/span><\/li>\n<li><span style=\"color: #660000;\"><span style=\"color: #000000;\">Bourr\u00e9e pour Manuel (F\u00e9licie Verbruggen)<\/span><\/span><\/li>\n<li><span style=\"color: #660000;\"><span style=\"color: #000000;\">Gigue Free Bike (J\u00fcrgen Obermeier)<\/span><\/span><\/li>\n<li><span style=\"color: #660000;\"><span style=\"color: #000000;\">Les fleurs d&#8217; Eva (J\u00fcrgen Obermeier)<\/span><\/span><\/li>\n<li><span style=\"color: #660000;\"><span style=\"color: #000000;\">Marche Marche de noces (C\u00e9lestin Gouttefarde)<\/span><\/span><\/li>\n<li><span style=\"color: #660000;\"><span style=\"color: #000000;\">Marche de noces (C\u00e9lestin Gouttefarde)<\/span><\/span><\/li>\n<li><span style=\"color: #660000;\"><span style=\"color: #000000;\">Le mariage du capitaine (trad.)<\/span><\/span><\/li>\n<li><span style=\"color: #660000;\"><span style=\"color: #000000;\">Mazurka Mazurka (trad. Morvan)<\/span><\/span><\/li>\n<li><span style=\"color: #660000;\"><span style=\"color: #000000;\">Mazurka (trad.)<\/span><\/span><\/li>\n<li><span style=\"color: #660000;\"><span style=\"color: #000000;\">Polka En route (Gilles Chabenat)<\/span><\/span><\/li>\n<li><span style=\"color: #660000;\"><span style=\"color: #000000;\">Le beau voyage (Gilles Chabenat)<\/span><\/span><\/li>\n<li><span style=\"color: #660000;\"><span style=\"color: #000000;\">Polka (trad.)<\/span><\/span><\/li>\n<li><span style=\"color: #660000;\"><span style=\"color: #000000;\">Polka (trad.)<\/span><\/span><\/li>\n<li><span style=\"color: #660000;\"><span style=\"color: #000000;\">Polka de Laguiole (trad. Auvergne)<\/span><\/span><\/li>\n<li><span style=\"color: #660000;\"><span style=\"color: #000000;\">Scottiche Mominette (J.-F. &#8220;Maxou&#8221; Heintzen)<\/span><\/span><\/li>\n<li><span style=\"color: #660000;\"><span style=\"color: #000000;\">L&#8217; Herbe de la Saint Jean (trad.)<\/span><\/span><\/li>\n<li><span style=\"color: #660000;\"><span style=\"color: #000000;\">Scottiche \u00e0 Coucou (J\u00fcrgen Obermeier)<\/span><\/span><\/li>\n<li><span style=\"color: #660000;\"><span style=\"color: #000000;\">Scottiche L&#8217; Attraction (Jean Blanchard)<\/span><\/span><\/li>\n<li><span style=\"color: #660000;\"><span style=\"color: #000000;\">Sylvaine (J\u00fcrgen Obermeier)<\/span><\/span><\/li>\n<li><span style=\"color: #660000;\"><span style=\"color: #000000;\">Valse 3\/4 Trois temps pour Gabi (J\u00fcrgen Obermeier)<\/span><\/span><\/li>\n<li><span style=\"color: #660000;\"><span style=\"color: #000000;\">Bi-Gaille (Fr\u00e9d\u00e9ric Bordois)<\/span><\/span><\/li>\n<li><span style=\"color: #660000;\"><span style=\"color: #000000;\">Valse de Vertougit (trad. Limousin)<\/span><\/span><\/li>\n<li><span style=\"color: #660000;\"><span style=\"color: #000000;\">Le r\u00eave perdu (J\u00fcrgen Obermeier)<\/span><\/span><\/li>\n<li><span style=\"color: #660000;\"><span style=\"color: #000000;\">Laderititou (Jean S\u00e9gurel)<\/span><\/span><\/li>\n<li><span style=\"color: #660000;\"><span style=\"color: #000000;\">Pour l&#8217;amour d&#8217; une fille (trad.)<\/span><\/span><\/li>\n<li><span style=\"color: #660000;\"><span style=\"color: #000000;\">Rossignolet du bois (trad.)<\/span><\/span><\/li>\n<li><span style=\"color: #660000;\"><span style=\"color: #000000;\">Valse 5\/4 La sauterelle (J\u00fcrgen Obermeier)<\/span><\/span><\/li>\n<li><span style=\"color: #660000;\"><span style=\"color: #000000;\">Lis \u00e7a (J\u00fcrgen Obermeier)<\/span><\/span><\/li>\n<li><span style=\"color: #660000;\"><span style=\"color: #000000;\">Melody Bourdonia (J\u00fcrgen Obermeier)<\/span><\/span><\/li>\n<li><span style=\"color: #660000;\"><span style=\"color: #000000;\">Discography<\/span><\/span><\/li>\n<\/ul>\n<p><span style=\"color: #660000;\"><strong>Order no:  <\/strong><\/span><span style=\"color: #660000;\"><strong>31-5<br \/>\nISBN: 978-3-927240-31-5<br \/>\nFormat: DIN A4<br \/>\nNumber of pages: 64 pages<br \/>\nCover: paperback<\/strong><\/span><\/p>\n","protected":false},"excerpt":{"rendered":"<p>Collection of sheet music with further 35 melodies of contemporary drone music by J\u00fcrgen Obermeier<\/p>\n","protected":false},"featured_media":17279,"comment_status":"open","ping_status":"closed","template":"","meta":[],"product_brand":[],"product_cat":[1206,1080,1078],"product_tag":[],"class_list":{"0":"post-22630","1":"product","2":"type-product","3":"status-publish","4":"has-post-thumbnail","6":"product_cat-books","7":"product_cat-publishing-house-of-the-minstrels","8":"product_cat-sheet-music-collections","10":"first","11":"instock","12":"taxable","13":"shipping-taxable","14":"purchasable","15":"product-type-simple"},"composite_virtual":false,"composite_layout":"","composite_add_to_cart_form_location":"","composite_editable_in_cart":false,"composite_sold_individually_context":"","composite_shop_price_calc":"","composite_components":[],"composite_scenarios":[],"bundled_by":[],"bundle_stock_status":"instock","bundle_stock_quantity":470,"bundle_virtual":false,"bundle_layout":"","bundle_add_to_cart_form_location":"","bundle_editable_in_cart":false,"bundle_sold_individually_context":"","bundle_item_grouping":"","bundle_min_size":"","bundle_max_size":"","bundle_price":[],"bundled_items":[],"bundle_sell_ids":[],"exclude_global_add_ons":[],"addons":[],"tiered_pricing_type":"fixed","tiered_pricing_fixed_rules":[],"tiered_pricing_product_settings":{"layout":"default","base_unit_name":{"singular":null,"plural":null},"default_variation":null},"tiered_pricing_minimum_quantity":null,"tiered_pricing_roles_data":[],"tiered_pricing_percentage_rules":[],"tiered_pricing_maximum_quantity":null,"tiered_pricing_quantity_step":null,"_links":{"self":[{"href":"https:\/\/bagpipe.de\/en\/wp-json\/wp\/v2\/product\/22630","targetHints":{"allow":["GET"]}}],"collection":[{"href":"https:\/\/bagpipe.de\/en\/wp-json\/wp\/v2\/product"}],"about":[{"href":"https:\/\/bagpipe.de\/en\/wp-json\/wp\/v2\/types\/product"}],"replies":[{"embeddable":true,"href":"https:\/\/bagpipe.de\/en\/wp-json\/wp\/v2\/comments?post=22630"}],"wp:featuredmedia":[{"embeddable":true,"href":"https:\/\/bagpipe.de\/en\/wp-json\/wp\/v2\/media\/17279"}],"wp:attachment":[{"href":"https:\/\/bagpipe.de\/en\/wp-json\/wp\/v2\/media?parent=22630"}],"wp:term":[{"taxonomy":"product_brand","embeddable":true,"href":"https:\/\/bagpipe.de\/en\/wp-json\/wp\/v2\/product_brand?post=22630"},{"taxonomy":"product_cat","embeddable":true,"href":"https:\/\/bagpipe.de\/en\/wp-json\/wp\/v2\/product_cat?post=22630"},{"taxonomy":"product_tag","embeddable":true,"href":"https:\/\/bagpipe.de\/en\/wp-json\/wp\/v2\/product_tag?post=22630"}],"curies":[{"name":"wp","href":"https:\/\/api.w.org\/{rel}","templated":true}]}}