{"id":22635,"date":"2022-11-30T11:02:28","date_gmt":"2022-11-30T10:02:28","guid":{"rendered":"https:\/\/bagpipe.de\/produkt\/uncategorized\/obermeiers-drone-polyphony-volume-1\/"},"modified":"2026-03-31T09:17:38","modified_gmt":"2026-03-31T07:17:38","slug":"obermeiers-bordun-polyphony-tape-1","status":"publish","type":"product","link":"https:\/\/bagpipe.de\/en\/obermeiers-bordun-polyphony-tape-1\/","title":{"rendered":"Obermeier&#8217;s (drone) polyphony &#8211; Volume 1"},"content":{"rendered":"<p>In the first volume 33 pieces of traditional and contemporary drone music in three- to seven-part(!) movements were gathered. Anyone who has ever attended a playing course by J\u00fcrgen Obermeier at a musicians&#8217; meeting knows what to expect: particularly interesting and idiosyncratic harmonic and rhythmic arrangements of the material.<\/p>\n<p>Features of all 3 volumes: Four-language introduction (German, English, French and Dutch) to the music and tips on instrumentation and scoring.<\/p>\n<p>The keys and voices are chosen so that they can be played by hurdy-gurdies and bagpipes in G\/C or D\/G tuning, but also by other musical instruments with the necessary range. The bass clef system is intended for cello, but can be adopted by any other bass instrument.<\/p>\n<p>The melody lines are underlaid with harmony names for the use of guitars or other harmony instruments.<\/p>\n<p>References to the original pieces and notes on the type of performance, instrumentation and voice parts of the instruments complete the collection of sheet music.<\/p>\n<p><strong>Table of Contents Volume 1:<\/strong><\/p>\n<ul>\n<li>Bourr\u00e9e 2\/4 Aurore Sand (trad. Berry)<\/li>\n<li>Bourr\u00e9e \u00e0 Gaston Pommier (trad. Bourbonnais)<\/li>\n<li>Il est bien Temps (trad. Bourbonnais)<\/li>\n<li>Bourr\u00e9e 3\/4 Bourr\u00e9e (Christian Oller)<\/li>\n<li>Cielmonfa (Bruno le Tron)<\/li>\n<li>La Chabra (trad. Bourbonnais)<\/li>\n<li>L&#8217;Ajassona (trad. Corr\u00e8ze)<\/li>\n<li>Bourr\u00e9e de l&#8217;\u00c9toile (trad. Berry)<\/li>\n<li>La Marion Flora (trad. Joseph Perrier)<\/li>\n<li>Branle Branle (trad. P\u00e9rigord)<\/li>\n<li>Branle Bressan (trad. Bresse)<\/li>\n<li>Minuet Paspie Minuet (trad. Flanders)<\/li>\n<li>Marche (G\u00e9n\u00e9ral Finfin (trad.)<\/li>\n<li>Marche Bleue (F\u00e9licie Verbruggen)<\/li>\n<li>Mazurka Mazurka \u00e0 Pechadre (trad. Corr\u00e8ze)<\/li>\n<li>Mazurka (Gilles Chabenat)<\/li>\n<li>Mazurka \u00e0 Rigal (trad. Aveyron)<\/li>\n<li>Le Deuil du Satyr (J\u00fcrgen Obermeier)<\/li>\n<li>Polka Tilou-Tilou (trad. Creuse)<\/li>\n<li>Scottiche Allons au Bois (trad. Hte. Vienne)<\/li>\n<li>Derri\u00e8re les Carreaux (Fr\u00e9d\u00e9ric Paris)<\/li>\n<li>Organdi (Gilles Chabenat)<\/li>\n<li>Scottiche de Brouillard (Jean-Jacques Smith)<\/li>\n<li>Scottiche \u00e0 F\u00e9licie (F\u00e9licie Verbruggen)<\/li>\n<li>Valse 3\/4 La Demande de la Novia (trad. Hte. Vienne)<\/li>\n<li>L&#8217;Amour m&#8217;y tourmente (trad.)<\/li>\n<li>L&#8217;Amuseur de Filles (trad.)<\/li>\n<li>Le Galant indiscret (trad.)<\/li>\n<li>Le Soleil aux Champs (J\u00fcrgen Obermeier)<\/li>\n<li>Tu lo li tendras (trad. Corr\u00e8ze)<\/li>\n<li>Valse (trad.)<\/li>\n<li>Valse 5\/4 Le plus bel \u00c2ge (Melaine Favennec)<\/li>\n<li>Trente Cinq Jean (J\u00fcrgen Obermeier)<\/li>\n<li>Discography<\/li>\n<\/ul>\n<p><strong><br \/>\n  <span style=\"color: #660000;\">Order no: <\/span><br \/>\n<\/strong><strong><br \/>\n  <span style=\"color: #660000;\">29-2<br \/>\nISBN: 978-3-927240-29-2<br \/>\nFormat: DIN A4<br \/>\nNumber of pages: <\/span><br \/>\n<\/strong><strong><br \/>\n  <span style=\"color: #660000;\">56 pages<br \/>\nBinding: Softcover<\/span><br \/>\n<\/strong><\/p>\n","protected":false},"excerpt":{"rendered":"<p>33 pieces of traditional and contemporary drone music in three- to seven-part movements by J\u00fcrgen Obermeier<\/p>\n","protected":false},"featured_media":17277,"comment_status":"open","ping_status":"closed","template":"","meta":[],"product_brand":[],"product_cat":[1206,1080,1078],"product_tag":[],"class_list":{"0":"post-22635","1":"product","2":"type-product","3":"status-publish","4":"has-post-thumbnail","6":"product_cat-books","7":"product_cat-publishing-house-of-the-minstrels","8":"product_cat-sheet-music-collections","10":"first","11":"instock","12":"taxable","13":"shipping-taxable","14":"purchasable","15":"product-type-simple"},"composite_virtual":false,"composite_layout":"","composite_add_to_cart_form_location":"","composite_editable_in_cart":false,"composite_sold_individually_context":"","composite_shop_price_calc":"","composite_components":[],"composite_scenarios":[],"bundled_by":[],"bundle_stock_status":"instock","bundle_stock_quantity":70,"bundle_virtual":false,"bundle_layout":"","bundle_add_to_cart_form_location":"","bundle_editable_in_cart":false,"bundle_sold_individually_context":"","bundle_item_grouping":"","bundle_min_size":"","bundle_max_size":"","bundle_price":[],"bundled_items":[],"bundle_sell_ids":[],"exclude_global_add_ons":[],"addons":[],"tiered_pricing_type":"fixed","tiered_pricing_fixed_rules":[],"tiered_pricing_product_settings":{"layout":"default","base_unit_name":{"singular":null,"plural":null},"default_variation":null},"tiered_pricing_minimum_quantity":null,"tiered_pricing_roles_data":[],"tiered_pricing_percentage_rules":[],"tiered_pricing_maximum_quantity":null,"tiered_pricing_quantity_step":null,"_links":{"self":[{"href":"https:\/\/bagpipe.de\/en\/wp-json\/wp\/v2\/product\/22635","targetHints":{"allow":["GET"]}}],"collection":[{"href":"https:\/\/bagpipe.de\/en\/wp-json\/wp\/v2\/product"}],"about":[{"href":"https:\/\/bagpipe.de\/en\/wp-json\/wp\/v2\/types\/product"}],"replies":[{"embeddable":true,"href":"https:\/\/bagpipe.de\/en\/wp-json\/wp\/v2\/comments?post=22635"}],"wp:featuredmedia":[{"embeddable":true,"href":"https:\/\/bagpipe.de\/en\/wp-json\/wp\/v2\/media\/17277"}],"wp:attachment":[{"href":"https:\/\/bagpipe.de\/en\/wp-json\/wp\/v2\/media?parent=22635"}],"wp:term":[{"taxonomy":"product_brand","embeddable":true,"href":"https:\/\/bagpipe.de\/en\/wp-json\/wp\/v2\/product_brand?post=22635"},{"taxonomy":"product_cat","embeddable":true,"href":"https:\/\/bagpipe.de\/en\/wp-json\/wp\/v2\/product_cat?post=22635"},{"taxonomy":"product_tag","embeddable":true,"href":"https:\/\/bagpipe.de\/en\/wp-json\/wp\/v2\/product_tag?post=22635"}],"curies":[{"name":"wp","href":"https:\/\/api.w.org\/{rel}","templated":true}]}}