{"id":23003,"date":"2022-11-30T11:03:17","date_gmt":"2022-11-30T10:03:17","guid":{"rendered":"https:\/\/bagpipe.de\/produkt\/uncategorized\/cassard-joli-coeur-cd\/"},"modified":"2023-04-04T16:20:55","modified_gmt":"2023-04-04T14:20:55","slug":"cassard-joli-coeur-cd","status":"publish","type":"product","link":"https:\/\/bagpipe.de\/en\/cassard-joli-coeur-cd\/","title":{"rendered":"Cassard: Joli-Coeur CD"},"content":{"rendered":"<p>The two heart and soul musicians Johannes Mayr and Christoph Pelgen have now released their new CD after the great success of their first two CDs and numerous performances at home and abroad.<\/p>\n<p><strong>Review by Christoph Egerding-Kr\u00fcger:<\/strong><\/p>\n<p>&#8220;With the new CD &#8220;Joli-Coeur&#8221; of the Duo Cassard, the two musicians, Christoph Pelgen and Johannes Mayr present without a doubt their most personal CD. In the 13 pieces of theirs, they once again (after the two previous CDs &#8211; Pengobilo and Bukalemun) span a wide range of their diverse musical interests and abilities.<\/p>\n<p>The selected rather traditional pieces (&#8216;Le Chasseur Fatigu\u00e9&#8217;, &#8216;Louisette&#8217;, &#8216;Trettondagsvisan&#8217;, &#8216;Winter! Du musst Urlaub h\u00e2n&#8217; and &#8216;Voici bient\u00f4t la saison&#8217;) are complemented by original compositions presenting private \/ biographical (Joli-Coeur, Obersteigerstochter, Till Min Far and Magdalena).<\/p>\n<p>Lively dance music, humor and something to smile about because of the textual ambiguity in the so-called &#8216;Galanterien&#8217; but also historical references (Auerhahn, Winter! Du musst Urlaub h\u00e2n).<\/p>\n<p>And then there&#8217;s the matter of &#8220;Joli Coeur!&#8221; which is the title of the CD. On the surface this means something like &#8220;nice, beautiful, pretty heart&#8221; &#8211; under the surface in the second \/ third connotation then also sounds &#8220;coquetry &#8211; enthusiasm for an important matter of the heart to me.&#8221;<\/p>\n<p>And that it is an important matter of the hearts of the two to share their enthusiasm with the listeners with this music is omnipresent: It is especially noticeable in the selection of the pieces, in the exciting variety of the arrangements, in the multilingual singing, in the joy of playing &#8211; in the groove&#8230;&#8230;.<\/p>\n<p>Conclusion: &#8220;Un Joli coeur qui demande vraiment la peine d&#8217;\u00e9couter, de go\u00fbter la musique avec grand plaisir.&#8221; (A heartfelt request that you simply have to follow, enjoy the music with great pleasure!) &#8221;<\/p>\n<p><strong>Titles:<\/strong><\/p>\n<ul>\n<li>Joli-C\u0153ur (C. Pelgen, 03:32)<\/li>\n<li>Eloquentia \/ Bourr\u00e9e au lait \/ Puree 910 (C. Pelgen \/ C. Pelgen \/ J. Mayr, 04:43)<\/li>\n<li>Le Chasseur fatigu\u00e9 (trad., 04:54)<\/li>\n<li>Till min far (J. Mayr, 04:16)<\/li>\n<li>Louisette (trad., 05:00)<\/li>\n<li>Top climber&#8217;s daughter \/ spring sun (C. Pelgen \/ J. Mayr, 05:14)<\/li>\n<li>Trettondagsvisan (trad., 04:08)<\/li>\n<li>Octopus waltz (J. Mayr, 04:37)<\/li>\n<li>Calimotxo \/ Frostbite (C. Pelgen \/ J. Mayr, 03:34)<\/li>\n<li>Winter! You need a vacation han (trad., 03:20)<\/li>\n<li>Capercaillie (C. Pelgen, 03:30)<\/li>\n<li>Voici bient\u00f4t la saison, ma Nanon (trad., 05:35)<\/li>\n<li>Magdalena (C. Pelgen, 03:43)<\/li>\n<\/ul>\n<p><strong>The musicians:<\/strong><\/p>\n<ul>\n<li>Johannes Mayr (D\u00c1N, La Marmotte, ex H\u00f6lderlin Express): Accordion, nyckelharpa, baritone nyckelharpa, harmonium, double bass, vocals (lead vocals: 7)<\/li>\n<li>Christoph Pelgen (La Marmotte, Estampie, ex Adaro): Vocals, shepherd&#8217;s pipe, hummel, grande bourbonnaise, biniou kozh, ceccola polifonica, bombarde, chalumeau, low whistle, tin whistle, guitar, crumhorn, mandolin, saxophone.<\/li>\n<\/ul>\n<p><span style=\"color: #660000;\"><br \/>\n  <strong>Order no: <\/strong><br \/>\n<\/span><strong><br \/>\n  <span style=\"color: #660000;\">99083<br \/>\nFormat: Audio CD<br \/>\nPlaying time: ca. 56:12 min<br \/>\n<\/span><br \/>\n  <span style=\"color: #660000;\">Packaging: DigiPac<\/span><br \/>\n<\/strong><\/p>\n","protected":false},"excerpt":{"rendered":"<p>The third CD of the popular folk group Cassard<\/p>\n","protected":false},"featured_media":17288,"comment_status":"open","ping_status":"closed","template":"","meta":[],"product_brand":[],"product_cat":[932],"product_tag":[],"class_list":{"0":"post-23003","1":"product","2":"type-product","3":"status-publish","4":"has-post-thumbnail","6":"product_cat-discontinued-en","8":"first","9":"outofstock","10":"sold-individually","11":"taxable","12":"shipping-taxable","13":"purchasable","14":"product-type-simple"},"composite_virtual":false,"composite_layout":"","composite_add_to_cart_form_location":"","composite_editable_in_cart":false,"composite_sold_individually_context":"","composite_shop_price_calc":"","composite_components":[],"composite_scenarios":[],"bundled_by":[],"bundle_stock_status":"outofstock","bundle_stock_quantity":0,"bundle_virtual":false,"bundle_layout":"","bundle_add_to_cart_form_location":"","bundle_editable_in_cart":false,"bundle_sold_individually_context":"","bundle_item_grouping":"","bundle_min_size":"","bundle_max_size":"","bundle_price":[],"bundled_items":[],"bundle_sell_ids":[],"exclude_global_add_ons":[],"addons":[],"tiered_pricing_type":"fixed","tiered_pricing_fixed_rules":[],"tiered_pricing_product_settings":{"layout":"default","base_unit_name":{"singular":null,"plural":null},"default_variation":null},"tiered_pricing_minimum_quantity":null,"tiered_pricing_roles_data":[],"tiered_pricing_percentage_rules":[],"tiered_pricing_maximum_quantity":null,"tiered_pricing_quantity_step":null,"_links":{"self":[{"href":"https:\/\/bagpipe.de\/en\/wp-json\/wp\/v2\/product\/23003","targetHints":{"allow":["GET"]}}],"collection":[{"href":"https:\/\/bagpipe.de\/en\/wp-json\/wp\/v2\/product"}],"about":[{"href":"https:\/\/bagpipe.de\/en\/wp-json\/wp\/v2\/types\/product"}],"replies":[{"embeddable":true,"href":"https:\/\/bagpipe.de\/en\/wp-json\/wp\/v2\/comments?post=23003"}],"wp:featuredmedia":[{"embeddable":true,"href":"https:\/\/bagpipe.de\/en\/wp-json\/wp\/v2\/media\/17288"}],"wp:attachment":[{"href":"https:\/\/bagpipe.de\/en\/wp-json\/wp\/v2\/media?parent=23003"}],"wp:term":[{"taxonomy":"product_brand","embeddable":true,"href":"https:\/\/bagpipe.de\/en\/wp-json\/wp\/v2\/product_brand?post=23003"},{"taxonomy":"product_cat","embeddable":true,"href":"https:\/\/bagpipe.de\/en\/wp-json\/wp\/v2\/product_cat?post=23003"},{"taxonomy":"product_tag","embeddable":true,"href":"https:\/\/bagpipe.de\/en\/wp-json\/wp\/v2\/product_tag?post=23003"}],"curies":[{"name":"wp","href":"https:\/\/api.w.org\/{rel}","templated":true}]}}