{"id":23805,"date":"2023-04-03T19:16:08","date_gmt":"2023-04-03T17:16:08","guid":{"rendered":"https:\/\/bagpipe.de\/the-multi-beginner-set-for-the-scottish-bagpipe\/"},"modified":"2024-08-17T21:14:43","modified_gmt":"2024-08-17T19:14:43","slug":"the-dudelsack-beginner-set-great-highland-bagpipe","status":"publish","type":"product","link":"https:\/\/bagpipe.de\/en\/the-dudelsack-beginner-set-great-highland-bagpipe\/","title":{"rendered":"Bagpipe beginner set for Great Highland Bagpipe"},"content":{"rendered":"<p>Want to learn to play <a href=\"\/?product_cat=great-highland-bagpipes\">Scottish bagpipes<\/a> and looking for the perfect <a href=\"\/?product_cat=einsteiger-sets\">beginner bagpipe set<\/a>? Then we have just the thing for you! Here you get the best starter set for the Great Highland Bagpipe ever! With our set you can create your individual set and benefit from high discounts. You can choose everything you need &#8211; from chanter to textbook to bag plus valuable accessories. We make sure that all components are compatible with each other.  <\/p>\n<h2>Step-by-step instructions: How easy it is to learn how to play the bagpipes<\/h2>\n<p>  And this is how it works in 5 simple steps:  <\/p>\n<ol>\n<li>Select <a href=\"\/?product_cat=practice-chanter-4\">chanter<\/a> <\/li>\n<li><a href=\"\/?product_cat=lehrbuecher-verlag\">Textbook<\/a> for this<\/li>\n<li>Add <a href=\"\/?product_cat=pc-reeds\">reed<\/a> <\/li>\n<li>Determine <a href=\"\/?product_cat=koffer-und-taschen\">bag<\/a> <\/li>\n<li>Add <a href=\"\/?product_cat=pc-zubehoer\">accessories<\/a> <\/li>\n<\/ol>\n<h2>The ultimate bagpipe beginner set for aspiring players<\/h2>\n<p><figure id=\"attachment_17553\" aria-describedby=\"caption-attachment-17553\" style=\"width: 200px\" class=\"wp-caption alignright\"><img loading=\"lazy\" decoding=\"async\" class=\"wp-image-16717 size-thumbnail\" src=\"https:\/\/bagpipe.de\/wp-content\/uploads\/sites\/3\/2022\/12\/Eset-hardie-pp-lang-eng_g-200x150.jpg\" alt=\"Example of Practice Chanter with Textbook\" width=\"200\" height=\"150\"><figcaption id=\"caption-attachment-17553\" class=\"wp-caption-text\">Example of Practice Chanter with Textbook<\/figcaption><\/figure>  The bagpipe beginner&#8217;s set consists of a practice chanter and the best-selling and proven <a href=\"https:\/\/bagpipe.de\/maceges-lehrbuch-fuer-den-schottischen-dudelsack-mit-begleit-cd\/\">German-language instruction book by MacEge (with CD)<\/a> at a super price! The available <a href=\"\/?product_cat=pc-reeds\">plastic reeds<\/a> respond easily and require little air. The Practice Chanter has proven itself in bagpipe lessons in many schools in Scotland and is easy to maintain. The reed holder of the chanter is designed so that the position of the reed can be easily changed. This means that a new reed can be inserted very quickly to tune the chanter precisely.  <\/p>\n<h2>The Practice Chanter: The ideal instrument for practicing and learning<\/h2>\n<p><figure id=\"attachment_17433\" aria-describedby=\"caption-attachment-17433\" style=\"width: 200px\" class=\"wp-caption alignright\"><img loading=\"lazy\" decoding=\"async\" class=\"wp-image-9685 size-thumbnail\" src=\"https:\/\/bagpipe.de\/wp-content\/uploads\/sites\/3\/2022\/11\/pc-hardie-ppl-celtic_g-200x150.jpg\" alt=\"Practice Chanter Example\" width=\"200\" height=\"150\"><figcaption id=\"caption-attachment-17433\" class=\"wp-caption-text\">Practice Chanter Example<\/figcaption><\/figure>  The practice <a href=\"\/?product_cat=practice-chanter-4\">chanter<\/a> is a musical instrument with a double reed and is mainly used as a supplement to the <a href=\"\/?product_cat=great-highland-bagpipes\">Great Highland Bagpipe<\/a>. It is mainly used for practicing finger exercises and practicing new pieces of music. We offer the chanter made of <a href=\"https:\/\/de.wikipedia.org\/wiki\/Grenadill\" target=\"_blank\" rel=\"noopener\">blackwood (engl. grenadilla)<\/a> or <a href=\"https:\/\/de.wikipedia.org\/wiki\/Polyoxymethylene\" target=\"_blank\" rel=\"noopener\">polypenco<\/a> in different sizes to this <a href=\"\/?product_cat=einsteiger-sets\">bagpipe learning set<\/a>. The instrument can be played both sitting and standing. The Practice Chanter is quieter and easier to play than the Great Highland Bagpipe and therefore ideal for practicing at home.  <\/p>\n<h2>German language textbook for the Scottish bagpipes<\/h2>\n<p><figure id=\"attachment_17181\" aria-describedby=\"caption-attachment-17181\" style=\"width: 200px\" class=\"wp-caption alignright\"><img loading=\"lazy\" decoding=\"async\" class=\"wp-image-8664 size-thumbnail\" src=\"https:\/\/bagpipe.de\/wp-content\/uploads\/sites\/3\/2022\/11\/08-7_1-200x150.jpg\" alt=\"MacEge's textbook for the Scottish bagpipe\" width=\"200\" height=\"150\"><figcaption id=\"caption-attachment-17181\" class=\"wp-caption-text\">MacEge&#8217;s textbook for the Scottish bagpipe<\/figcaption><\/figure>  The best-selling German textbook for learning the Scottish bagpipes by <a href=\"https:\/\/bagpipe.de\/maceges-lehrbuch-fuer-den-schottischen-dudelsack-mit-begleit-cd\/\">Reinhold Ege<\/a> in an expanded new edition is part of this bagpipe beginners&#8217; set. It includes an introduction to the fingering and features of the bagpipe, the typical ornaments, and exercises for learning to play the Great Highland Bagpipe. The book contains 40 well-known standard Scottish tunes and two new versions of &#8220;Scotland the Brave&#8221;. An accompanying CD and an appendix with <a href=\"\/?page_id=184\">fingering chart<\/a>, English technical terms and bibliography are included.  <\/p>\n<h2>The Deluxe Bag: Safe storage and transport of your bagpipe set<\/h2>\n<p><figure id=\"attachment_25013\" aria-describedby=\"caption-attachment-25013\" style=\"width: 200px\" class=\"wp-caption alignright\"><img loading=\"lazy\" decoding=\"async\" class=\"wp-image-25012 size-thumbnail\" src=\"https:\/\/bagpipe.de\/wp-content\/uploads\/sites\/3\/2023\/04\/PCBAG_new_g-200x150.jpg\" alt=\"  Practice Chanter Case Deluxe (example of contents)\" width=\"200\" height=\"150\"><figcaption id=\"caption-attachment-25013\" class=\"wp-caption-text\">Practice Chanter Case Deluxe (example of contents)<\/figcaption><\/figure>  You can also order the optional <a href=\"https:\/\/bagpipe.de\/practice-chanter-tasche-deluxe\/\">deluxe bag<\/a> to store and transport your practice chanter and textbook safely. The bag offers enough space for your instrument, accessories and an A4 textbook. The bag is made of sturdy and durable fabric and has a convenient carrying handle and a sturdy zipper. The lower and upper parts of the Practice Chanter are fastened inside with Velcro. There is a storage bag for the reeds and an additional zippered bag for spare reeds and accessories for your beginner&#8217;s bagpipe set.  <\/p>\n<h2>Selected accessories for the perfect start<\/h2>\n<p><figure id=\"attachment_8582\" aria-describedby=\"caption-attachment-8582\" style=\"width: 200px\" class=\"wp-caption alignright\"><img loading=\"lazy\" decoding=\"async\" class=\"wp-image-8411 size-thumbnail\" src=\"https:\/\/bagpipe.de\/wp-content\/uploads\/sites\/3\/2022\/11\/absorb-neu_g-200x150.jpg\" alt=\"Accessories example\" width=\"200\" height=\"150\"><figcaption id=\"caption-attachment-8582\" class=\"wp-caption-text\">Accessories example<\/figcaption><\/figure>  In addition, we offer accessories for <a href=\"https:\/\/bagpipe.de\/buerste-fuer-practice-chanter\/\">care<\/a> and <a href=\"https:\/\/bagpipe.de\/moisture-absorber-fuer-practice-chanter-reeds\/\">humidity regulation<\/a> that significantly extend the life of the instrument and improve the playing quality.<\/p>\n","protected":false},"excerpt":{"rendered":"<p>Discover our best practice chanter, reeds, instruction books and accessories at <strong>a great discount<\/strong>! The ultimate bagpipe beginner&#8217;s set for Scottish bagpipes: practice chanter, MacEge textbook (bestseller, German language) and accessories. Optional deluxe bag available. Additional care and moisture control accessories on request.<\/p>\n","protected":false},"featured_media":23807,"comment_status":"closed","ping_status":"closed","template":"","meta":[],"product_brand":[],"product_cat":[965,961,963],"product_tag":[],"class_list":{"0":"post-23805","1":"product","2":"type-product","3":"status-publish","4":"has-post-thumbnail","6":"product_cat-bagpipe-starter-sets","7":"product_cat-beginner-sets","8":"product_cat-learn-to-play-bagpipes","10":"first","11":"outofstock","12":"virtual","13":"taxable","14":"purchasable","15":"product-type-composite"},"composite_virtual":false,"composite_layout":"paged","composite_add_to_cart_form_location":"default","composite_editable_in_cart":false,"composite_sold_individually_context":"product","composite_shop_price_calc":"min_max","composite_components":[{"id":"1680549370","title":"Chanter","description":"<p>Das Practice Chanter ist ein Musikinstrument mit Doppelrohrblatt und wird vor allem als Erg\u00e4nzung zur Great Highland Bagpipe verwendet. Es dient haupts\u00e4chlich zum \u00dcben von Finger\u00fcbungen und zum Spielen neuer Musikst\u00fccke. Der Chanter besteht aus Holz oder Kunststoff und wird in verschiedenen Gr\u00f6\u00dfen hergestellt. Er hat ein Mundst\u00fcck, Fingerl\u00f6cher und ein Rohrblatt. Das Spielen des Instruments kann sowohl im Sitzen als auch im Stehen erfolgen. Der Practice Chanter ist leiser und einfacher zu spielen als die Bagpipe und daher ideal f\u00fcr das \u00dcben zu Hause.<\/p>\n","query_type":"category_ids","query_ids":[1139],"default_option_id":"","thumbnail_id":"","thumbnail_src":"","quantity_min":1,"quantity_max":1,"priced_individually":true,"shipped_individually":true,"optional":true,"discount":10,"options_style":"dropdowns","pagination_style":"classic","display_prices":"absolute","show_sorting_options":false,"show_filtering_options":false,"attribute_filter_ids":[],"select_action":"view","product_title_visible":true,"product_descr_visible":true,"product_price_visible":true,"product_thumb_visible":true,"subtotal_visible_product":true,"subtotal_visible_cart":true,"subtotal_visible_orders":true,"product_addons_visible":false},{"id":"1680549371","title":"Lehrbuch","description":"<p>Wir liefern dir das meistverkaufte deutsche Lehrbuch zum Erlernen des schottischen Dudelsacks von Reinhold Ege in der erweiterten Neuauflage. Es enth\u00e4lt eine Einf\u00fchrung in die Griffweise und die besonderen Eigenschaften des Dudelsacks, die typischen Ornamentationen und \u00dcbungen, um das Spielen auf der Great Highland Bagpipe zu erlernen. Das Buch enth\u00e4lt 40 bekannte schottische Standard-Melodien und zwei neue Versionen von \"Scotland the Brave\". Es wird auf der traditionellen schottischen \u00dcbungsfl\u00f6te, dem \"Practice Chanter\", gelernt. Eine Begleit-CD und ein Anhang mit Grifftabelle, englischsprachigen Fachausdr\u00fccken und Literaturverzeichnis sind enthalten. <\/p>\n","query_type":"product_ids","query_ids":[22267],"default_option_id":22267,"thumbnail_id":"","thumbnail_src":"","quantity_min":1,"quantity_max":1,"priced_individually":true,"shipped_individually":true,"optional":false,"discount":"","options_style":"dropdowns","pagination_style":"classic","display_prices":"absolute","show_sorting_options":false,"show_filtering_options":false,"attribute_filter_ids":[],"select_action":"view","product_title_visible":true,"product_descr_visible":true,"product_price_visible":true,"product_thumb_visible":true,"subtotal_visible_product":true,"subtotal_visible_cart":true,"subtotal_visible_orders":true,"product_addons_visible":true},{"id":"1680549372","title":"Reed","description":"<p>Suche Dir das passende Reed aus. Mehr Infos zu den unterschiedlichen Practice Chanter Rohrbl\u00e4ttern findest Du unter <a href=\"https:\/\/bagpipe.de\/pc-reeds\/\">hier<\/a>.<\/p>\n","query_type":"category_ids","query_ids":[1105],"default_option_id":22265,"thumbnail_id":"","thumbnail_src":"","quantity_min":1,"quantity_max":1,"priced_individually":true,"shipped_individually":true,"optional":true,"discount":3,"options_style":"dropdowns","pagination_style":"classic","display_prices":"relative","show_sorting_options":false,"show_filtering_options":false,"attribute_filter_ids":[],"select_action":"view","product_title_visible":true,"product_descr_visible":true,"product_price_visible":true,"product_thumb_visible":true,"subtotal_visible_product":true,"subtotal_visible_cart":true,"subtotal_visible_orders":true,"product_addons_visible":true},{"id":"1680549373","title":"Tasche","description":"<p>Die beste Aufbewahrungstasche f\u00fcr Deinen Practice Chanter mit Lehrbuch! Sie bietet gen\u00fcgend Platz f\u00fcr Dein Instrument, Zubeh\u00f6r und ein A4-Lehrbuch. Das strapazierf\u00e4hige Material und der praktische Tragegriff machen sie ideal f\u00fcr den Transport. Au\u00dferdem gibt es eine Rei\u00dfverschlusstasche f\u00fcr Ersatzreeds und Zubeh\u00f6r. Wichtig: Reinige und trockne Dein Instrument vor dem Einpacken, um Besch\u00e4digungen zu vermeiden.<\/p>\n","query_type":"product_ids","query_ids":[21947],"default_option_id":"","thumbnail_id":"","thumbnail_src":"","quantity_min":1,"quantity_max":1,"priced_individually":true,"shipped_individually":true,"optional":true,"discount":3,"options_style":"dropdowns","pagination_style":"classic","display_prices":"relative","show_sorting_options":false,"show_filtering_options":false,"attribute_filter_ids":[],"select_action":"view","product_title_visible":true,"product_descr_visible":true,"product_price_visible":true,"product_thumb_visible":true,"subtotal_visible_product":true,"subtotal_visible_cart":true,"subtotal_visible_orders":true,"product_addons_visible":true},{"id":"1680549374","title":"Zubeh\u00f6r","description":"<p>Komponenten zur Pflege und Wartung sowie zur Feuchtigkeitsregulierung verl\u00e4ngern die Lebensdauer Deines Instruments enorm und unterst\u00fctzen Dich beim Spielen. Bestelle aus unserem bew\u00e4hrten Practice Chanter Zubeh\u00f6r.<\/p>\n","query_type":"category_ids","query_ids":[1094],"default_option_id":"","thumbnail_id":"","thumbnail_src":"","quantity_min":1,"quantity_max":1,"priced_individually":true,"shipped_individually":true,"optional":true,"discount":3,"options_style":"dropdowns","pagination_style":"classic","display_prices":"relative","show_sorting_options":false,"show_filtering_options":false,"attribute_filter_ids":[],"select_action":"view","product_title_visible":true,"product_descr_visible":true,"product_price_visible":true,"product_thumb_visible":true,"subtotal_visible_product":true,"subtotal_visible_cart":true,"subtotal_visible_orders":true,"product_addons_visible":true}],"composite_scenarios":[{"id":"1681561524","name":"Tru-Tone Reed","description":"","configuration":[{"component_id":"1680549370","options_modifier":"in","component_options":[22404,22418,22420]}],"actions":[{"action_id":"compat_group","is_active":false},{"action_id":"conditional_components","is_active":false,"hidden_components":[]},{"action_id":"conditional_options","is_active":true,"hidden_options":[{"component_id":"1680549372","component_options":[22265],"options_modifier":"not-in"}]}],"enabled":true}],"bundled_by":[],"bundle_stock_status":"outofstock","bundle_stock_quantity":0,"bundle_virtual":false,"bundle_layout":"","bundle_add_to_cart_form_location":"","bundle_editable_in_cart":false,"bundle_sold_individually_context":"","bundle_item_grouping":"","bundle_min_size":"","bundle_max_size":"","bundle_price":[],"bundled_items":[],"bundle_sell_ids":[],"exclude_global_add_ons":[],"addons":[],"tiered_pricing_type":"fixed","tiered_pricing_fixed_rules":[],"tiered_pricing_product_settings":{"layout":"default","base_unit_name":{"singular":null,"plural":null},"default_variation":null},"tiered_pricing_minimum_quantity":null,"tiered_pricing_roles_data":[],"tiered_pricing_percentage_rules":[],"tiered_pricing_maximum_quantity":null,"tiered_pricing_quantity_step":null,"_links":{"self":[{"href":"https:\/\/bagpipe.de\/en\/wp-json\/wp\/v2\/product\/23805","targetHints":{"allow":["GET"]}}],"collection":[{"href":"https:\/\/bagpipe.de\/en\/wp-json\/wp\/v2\/product"}],"about":[{"href":"https:\/\/bagpipe.de\/en\/wp-json\/wp\/v2\/types\/product"}],"replies":[{"embeddable":true,"href":"https:\/\/bagpipe.de\/en\/wp-json\/wp\/v2\/comments?post=23805"}],"wp:featuredmedia":[{"embeddable":true,"href":"https:\/\/bagpipe.de\/en\/wp-json\/wp\/v2\/media\/23807"}],"wp:attachment":[{"href":"https:\/\/bagpipe.de\/en\/wp-json\/wp\/v2\/media?parent=23805"}],"wp:term":[{"taxonomy":"product_brand","embeddable":true,"href":"https:\/\/bagpipe.de\/en\/wp-json\/wp\/v2\/product_brand?post=23805"},{"taxonomy":"product_cat","embeddable":true,"href":"https:\/\/bagpipe.de\/en\/wp-json\/wp\/v2\/product_cat?post=23805"},{"taxonomy":"product_tag","embeddable":true,"href":"https:\/\/bagpipe.de\/en\/wp-json\/wp\/v2\/product_tag?post=23805"}],"curies":[{"name":"wp","href":"https:\/\/api.w.org\/{rel}","templated":true}]}}