{"id":23818,"date":"2022-11-30T11:03:17","date_gmt":"2022-11-30T10:03:17","guid":{"rendered":"https:\/\/bagpipe.de\/cassard-bukalemun-cd\/"},"modified":"2023-04-05T09:38:22","modified_gmt":"2023-04-05T07:38:22","slug":"cassard-bukalemun-cd","status":"publish","type":"product","link":"https:\/\/bagpipe.de\/en\/cassard-bukalemun-cd\/","title":{"rendered":"Cassard: Bukalemun CD"},"content":{"rendered":"<p>The second CD of the duo &#8211; again all around recommendable music, well recorded and just typical Cassard!<\/p>\n<p><strong>Titles:<\/strong><\/p>\n<ul>\n<li>01 Le d\u00e9part pour la Provence \/ trad. \/ 4:09<\/li>\n<li>02 Midwinter&#8217;s Day\/The Red Ox \/ Johannes Mayr \/ 4:21<\/li>\n<li>03 Oubona\/Entemediu de Misa \/ Joaqu\u00edn D\u00edaz Mend\u00e9z \/ trad. 4:02<\/li>\n<li>04 La Bataille de Syracuse \/ Christoph Pelgen \/ 4:36<\/li>\n<li>05 Karahisar kalesi \/ trad. \/ 5:51<\/li>\n<li>06 Shirto \/ trad. \/ 6:05<\/li>\n<li>07 Bonne Sainte Vierge marchant sur terre \/ trad. \/ 6:17<\/li>\n<li>08 Le t\u00e9l\u00e9bar de Nasbinals\/Fanfares Bourr\u00e9e \/ Christoph Pelgen\/Johannes Mayr \/ 3:54<\/li>\n<li>09 Staffan var en stalledr\u00e4ng \/ trad. \/ 4:18<\/li>\n<li>10 Silvester Polska \/ Johannes Mayr \/ 2:15<\/li>\n<li>11 Knocknagow\/Los Mineiros de Chile\/San Nikol\u00e1s \/ trad.\/Christoph Pelgen\/Johannes Mayr \/ 6:00<\/li>\n<li>12 Are ye sleeping, Maggie\/Terra, terri\u00f1a \/ trad.\/trad. \/ 5:38<\/li>\n<li>13 La fontaine bord\u00e9e de laine \/ trad. \/ 3:55<\/li>\n<\/ul>\n<p><strong>The musicians:<\/strong><\/p>\n<ul>\n<li>Johannes Mayr: accordion, nyckelharpa, baritone nyckelharpa, piano, organ, double bass, vocals (lead vocals: 9)<\/li>\n<li>Christoph Pelgen:vocals, shepherd&#8217;s pipe, gaita galega, hummelchen, grande bourbonnaise, biniou kozh, bombarde, chalumeau, low whistle, mandolin, guitar<\/li>\n<\/ul>\n<p><strong>Guest musicians:<\/strong><\/p>\n<ul>\n<li>J\u00f8rgen W. Lang : Irish Bouzouki (3, 12), Guitar (11), Low Whistles (3, 12), Vocals (lead vocals 12)<\/li>\n<li>Franziska Urton: fiddle (11, 12), viola (11), set vocals (12)<\/li>\n<li>Murat Co\u015fkun : Darbuka, frame drum, cajon, riqq<\/li>\n<li>Ilknur Ataolcay: vocals (5), set vocals (12)<\/li>\n<\/ul>\n<p><span style=\"color: #660000;\"><br \/>\n  <strong>Order no: <\/strong><br \/>\n<\/span><strong><br \/>\n  <span style=\"color: #660000;\">99067<br \/>\nFormat: Audio CD<br \/>\nPlaying time: ca. 61:09 min<br \/>\n<\/span><br \/>\n  <span style=\"color: #660000;\">Packaging: DigiPac<\/span><br \/>\n<\/strong><\/p>\n","protected":false},"excerpt":{"rendered":"<p>Traditional music of tomorrow<\/p>\n","protected":false},"featured_media":17289,"comment_status":"open","ping_status":"closed","template":"","meta":[],"product_brand":[],"product_cat":[1082],"product_tag":[],"class_list":{"0":"post-23818","1":"product","2":"type-product","3":"status-publish","4":"has-post-thumbnail","6":"product_cat-audio-cds-en","8":"first","9":"outofstock","10":"sold-individually","11":"taxable","12":"shipping-taxable","13":"purchasable","14":"product-type-simple"},"composite_virtual":false,"composite_layout":"","composite_add_to_cart_form_location":"","composite_editable_in_cart":false,"composite_sold_individually_context":"","composite_shop_price_calc":"","composite_components":[],"composite_scenarios":[],"bundled_by":[],"bundle_stock_status":"outofstock","bundle_stock_quantity":0,"bundle_virtual":false,"bundle_layout":"","bundle_add_to_cart_form_location":"","bundle_editable_in_cart":false,"bundle_sold_individually_context":"","bundle_item_grouping":"","bundle_min_size":"","bundle_max_size":"","bundle_price":[],"bundled_items":[],"bundle_sell_ids":[],"exclude_global_add_ons":[],"addons":[],"tiered_pricing_type":"fixed","tiered_pricing_fixed_rules":[],"tiered_pricing_product_settings":{"layout":"default","base_unit_name":{"singular":null,"plural":null},"default_variation":null},"tiered_pricing_minimum_quantity":null,"tiered_pricing_roles_data":[],"tiered_pricing_percentage_rules":[],"tiered_pricing_maximum_quantity":null,"tiered_pricing_quantity_step":null,"_links":{"self":[{"href":"https:\/\/bagpipe.de\/en\/wp-json\/wp\/v2\/product\/23818","targetHints":{"allow":["GET"]}}],"collection":[{"href":"https:\/\/bagpipe.de\/en\/wp-json\/wp\/v2\/product"}],"about":[{"href":"https:\/\/bagpipe.de\/en\/wp-json\/wp\/v2\/types\/product"}],"replies":[{"embeddable":true,"href":"https:\/\/bagpipe.de\/en\/wp-json\/wp\/v2\/comments?post=23818"}],"wp:featuredmedia":[{"embeddable":true,"href":"https:\/\/bagpipe.de\/en\/wp-json\/wp\/v2\/media\/17289"}],"wp:attachment":[{"href":"https:\/\/bagpipe.de\/en\/wp-json\/wp\/v2\/media?parent=23818"}],"wp:term":[{"taxonomy":"product_brand","embeddable":true,"href":"https:\/\/bagpipe.de\/en\/wp-json\/wp\/v2\/product_brand?post=23818"},{"taxonomy":"product_cat","embeddable":true,"href":"https:\/\/bagpipe.de\/en\/wp-json\/wp\/v2\/product_cat?post=23818"},{"taxonomy":"product_tag","embeddable":true,"href":"https:\/\/bagpipe.de\/en\/wp-json\/wp\/v2\/product_tag?post=23818"}],"curies":[{"name":"wp","href":"https:\/\/api.w.org\/{rel}","templated":true}]}}