{"id":27360,"date":"2024-10-08T12:16:48","date_gmt":"2024-10-08T10:16:48","guid":{"rendered":"https:\/\/bagpipe.de\/minne-im-mayen-clingenburg\/"},"modified":"2024-10-08T12:16:48","modified_gmt":"2024-10-08T10:16:48","slug":"minne-im-mayen-clingenburg","status":"publish","type":"product","link":"https:\/\/bagpipe.de\/en\/minne-im-mayen-clingenburg\/","title":{"rendered":"Minne Im Mayen &#8211; Clingenburg"},"content":{"rendered":"<p>Released: 2008<\/p>\n<table class=\"tracklist_3QGRS\">\n<tbody>\n<tr data-track-position=\"1\">\n<td class=\"trackPos_2RCje\"><span class=\"MuiTypography-root MuiTypography-labelSmall css-lludyt\">1<\/span><\/td>\n<td class=\"artist_3zAQD\"><span class=\"MuiTypography-root MuiTypography-labelSmall css-lludyt\"><span class=\"link_15cpV\">Ensemble Unicorn<\/span><span class=\"dash_1EAjh\">&#8211;<\/span><\/span><\/td>\n<td class=\"trackTitle_CTKp4\"><span class=\"MuiTypography-root MuiTypography-labelSmall css-lludyt\"><span class=\"trackTitle_CTKp4\">Meie D\u00een Liehter Sh\u00een<\/span><\/span><\/p>\n<div class=\"credits_12-wp expanded_3odiy trackCredits_iogpt\">\n<div><span class=\"MuiTypography-root MuiTypography-labelXSmall css-144m4pk\">Composed By &#8211; <span class=\"link_15cpV\">Neidhart Von Reuental<\/span><\/span><\/div>\n<\/div>\n<\/td>\n<td class=\"duration_2t4qr\"><span class=\"MuiTypography-root MuiTypography-labelSmall css-lludyt\">3:57<\/span><\/td>\n<\/tr>\n<tr data-track-position=\"2\">\n<td class=\"trackPos_2RCje\"><span class=\"MuiTypography-root MuiTypography-labelSmall css-lludyt\">2<\/span><\/td>\n<td class=\"artist_3zAQD\"><span class=\"MuiTypography-root MuiTypography-labelSmall css-lludyt\"><span class=\"link_15cpV\">W\u00fcnnespil<\/span><span class=\"dash_1EAjh\">&#8211;<\/span><\/span><\/td>\n<td class=\"trackTitle_CTKp4\"><span class=\"MuiTypography-root MuiTypography-labelSmall css-lludyt\"><span class=\"trackTitle_CTKp4\">En Mai Au Douz Tans Nouvel<\/span><\/span><\/td>\n<td class=\"duration_2t4qr\"><span class=\"MuiTypography-root MuiTypography-labelSmall css-lludyt\">3:30<\/span><\/td>\n<\/tr>\n<tr data-track-position=\"3\">\n<td class=\"trackPos_2RCje\"><span class=\"MuiTypography-root MuiTypography-labelSmall css-lludyt\">3<\/span><\/td>\n<td class=\"artist_3zAQD\"><span class=\"MuiTypography-root MuiTypography-labelSmall css-lludyt\"><span class=\"link_15cpV\">Holger Sch\u00e4fer<\/span><span class=\"dash_1EAjh\">&#8211;<\/span><\/span><\/td>\n<td class=\"trackTitle_CTKp4\"><span class=\"MuiTypography-root MuiTypography-labelSmall css-lludyt\"><span class=\"trackTitle_CTKp4\">Willekommen S\u00ee The Sumerian Beauty<\/span><\/span><\/p>\n<div class=\"credits_12-wp expanded_3odiy trackCredits_iogpt\">\n<div><span class=\"MuiTypography-root MuiTypography-labelXSmall css-144m4pk\">Composed By &#8211; <span class=\"link_15cpV\">Brunwart Von Auggen<\/span><\/span><\/div>\n<\/div>\n<\/td>\n<td class=\"duration_2t4qr\"><span class=\"MuiTypography-root MuiTypography-labelSmall css-lludyt\">3:34<\/span><\/td>\n<\/tr>\n<tr data-track-position=\"4\">\n<td class=\"trackPos_2RCje\"><span class=\"MuiTypography-root MuiTypography-labelSmall css-lludyt\">4<\/span><\/td>\n<td class=\"artist_3zAQD\"><span class=\"MuiTypography-root MuiTypography-labelSmall css-lludyt\"><span class=\"link_15cpV\">Christoph M\u00e4chler<\/span><span class=\"dash_1EAjh\">&#8211;<\/span><\/span><\/td>\n<td class=\"trackTitle_CTKp4\"><span class=\"MuiTypography-root MuiTypography-labelSmall css-lludyt\"><span class=\"trackTitle_CTKp4\">Who N\u00fb Ze Vr\u00f6uden Is Cured<\/span><\/span><\/p>\n<div class=\"credits_12-wp expanded_3odiy trackCredits_iogpt\">\n<div><span class=\"MuiTypography-root MuiTypography-labelXSmall css-144m4pk\">Composed By &#8211; <span class=\"link_15cpV\">Otto Zum Turm<\/span><\/span><\/div>\n<\/div>\n<\/td>\n<td class=\"duration_2t4qr\"><span class=\"MuiTypography-root MuiTypography-labelSmall css-lludyt\">3:49<\/span><\/td>\n<\/tr>\n<tr data-track-position=\"5\">\n<td class=\"trackPos_2RCje\"><span class=\"MuiTypography-root MuiTypography-labelSmall css-lludyt\">5<\/span><\/td>\n<td class=\"artist_3zAQD\"><span class=\"MuiTypography-root MuiTypography-labelSmall css-lludyt\"><span class=\"link_15cpV\">Olaf Casalich<\/span><span class=\"dash_1EAjh\">&#8211;<\/span><\/span><\/td>\n<td class=\"trackTitle_CTKp4\"><span class=\"MuiTypography-root MuiTypography-labelSmall css-lludyt\"><span class=\"trackTitle_CTKp4\">Through the Ermel G\u00e2t The Hole<\/span><\/span><\/p>\n<div class=\"credits_12-wp expanded_3odiy trackCredits_iogpt\">\n<div><span class=\"MuiTypography-root MuiTypography-labelXSmall css-144m4pk\">Composed By &#8211; <span class=\"link_15cpV\">Neidhart Von Reuental<\/span><\/span><\/div>\n<\/div>\n<\/td>\n<td class=\"duration_2t4qr\"><span class=\"MuiTypography-root MuiTypography-labelSmall css-lludyt\">4:59<\/span><\/td>\n<\/tr>\n<tr data-track-position=\"6\">\n<td class=\"trackPos_2RCje\"><span class=\"MuiTypography-root MuiTypography-labelSmall css-lludyt\">6<\/span><\/td>\n<td class=\"artist_3zAQD\"><span class=\"MuiTypography-root MuiTypography-labelSmall css-lludyt\"><span class=\"link_15cpV\">Jochen Faulhammer<\/span><span class=\"dash_1EAjh\">&#8211;<\/span><\/span><\/td>\n<td class=\"trackTitle_CTKp4\"><span class=\"MuiTypography-root MuiTypography-labelSmall css-lludyt\"><span class=\"trackTitle_CTKp4\">The Walt Unde Anger<\/span><\/span><\/p>\n<div class=\"credits_12-wp expanded_3odiy trackCredits_iogpt\">\n<div><span class=\"MuiTypography-root MuiTypography-labelXSmall css-144m4pk\">Composed By &#8211; <span class=\"link_15cpV\">Wizlav Von R\u00fcgen<\/span><\/span><\/div>\n<\/div>\n<\/td>\n<td class=\"duration_2t4qr\"><span class=\"MuiTypography-root MuiTypography-labelSmall css-lludyt\">3:46<\/span><\/td>\n<\/tr>\n<tr data-track-position=\"7\">\n<td class=\"trackPos_2RCje\"><span class=\"MuiTypography-root MuiTypography-labelSmall css-lludyt\">7<\/span><\/td>\n<td class=\"artist_3zAQD\"><span class=\"MuiTypography-root MuiTypography-labelSmall css-lludyt\"><span class=\"link_15cpV\">Frank Wunderlich*<\/span><span class=\"dash_1EAjh\">&#8211;<\/span><\/span><\/td>\n<td class=\"trackTitle_CTKp4\"><span class=\"MuiTypography-root MuiTypography-labelSmall css-lludyt\"><span class=\"trackTitle_CTKp4\">Silent Sw\u00eegen<\/span><\/span><\/p>\n<div class=\"credits_12-wp expanded_3odiy trackCredits_iogpt\">\n<div><span class=\"MuiTypography-root MuiTypography-labelXSmall css-144m4pk\">Composed By &#8211; <span class=\"link_15cpV\">Conrad von Bickenbach<\/span><\/span><\/div>\n<\/div>\n<\/td>\n<td class=\"duration_2t4qr\"><span class=\"MuiTypography-root MuiTypography-labelSmall css-lludyt\">3:37<\/span><\/td>\n<\/tr>\n<tr data-track-position=\"8\">\n<td class=\"trackPos_2RCje\"><span class=\"MuiTypography-root MuiTypography-labelSmall css-lludyt\">8<\/span><\/td>\n<td class=\"artist_3zAQD\"><span class=\"MuiTypography-root MuiTypography-labelSmall css-lludyt\"><span class=\"link_15cpV\">Estampie<\/span><span class=\"dash_1EAjh\">&#8211;<\/span><\/span><\/td>\n<td class=\"trackTitle_CTKp4\"><span class=\"MuiTypography-root MuiTypography-labelSmall css-lludyt\"><span class=\"trackTitle_CTKp4\">Bluomenr\u00f4t<\/span><\/span><\/p>\n<div class=\"credits_12-wp expanded_3odiy trackCredits_iogpt\">\n<div><span class=\"MuiTypography-root MuiTypography-labelXSmall css-144m4pk\">Composed By &#8211; <span class=\"link_15cpV\">Konrad The Boy<\/span><\/span><\/div>\n<\/div>\n<\/td>\n<td class=\"duration_2t4qr\"><span class=\"MuiTypography-root MuiTypography-labelSmall css-lludyt\">3:11<\/span><\/td>\n<\/tr>\n<tr data-track-position=\"9\">\n<td class=\"trackPos_2RCje\"><span class=\"MuiTypography-root MuiTypography-labelSmall css-lludyt\">9<\/span><\/td>\n<td class=\"artist_3zAQD\"><span class=\"MuiTypography-root MuiTypography-labelSmall css-lludyt\"><span class=\"link_15cpV\">Dingo music theater<\/span><span class=\"dash_1EAjh\">&#8211;<\/span><\/span><\/td>\n<td class=\"trackTitle_CTKp4\"><span class=\"MuiTypography-root MuiTypography-labelSmall css-lludyt\"><span class=\"trackTitle_CTKp4\">The earth is opened up<\/span><\/span><\/p>\n<div class=\"credits_12-wp expanded_3odiy trackCredits_iogpt\">\n<div><span class=\"MuiTypography-root MuiTypography-labelXSmall css-144m4pk\">Composed By &#8211; <span class=\"link_15cpV\">Wizlav Von R\u00fcgen<\/span><\/span><\/div>\n<\/div>\n<\/td>\n<td class=\"duration_2t4qr\"><span class=\"MuiTypography-root MuiTypography-labelSmall css-lludyt\">2:48<\/span><\/td>\n<\/tr>\n<tr data-track-position=\"10\">\n<td class=\"trackPos_2RCje\"><span class=\"MuiTypography-root MuiTypography-labelSmall css-lludyt\">10<\/span><\/td>\n<td class=\"artist_3zAQD\"><span class=\"MuiTypography-root MuiTypography-labelSmall css-lludyt\"><span class=\"link_15cpV\">Reinhold Schmidt<\/span><span class=\"dash_1EAjh\">&#8211;<\/span><\/span><\/td>\n<td class=\"trackTitle_CTKp4\"><span class=\"MuiTypography-root MuiTypography-labelSmall css-lludyt\"><span class=\"trackTitle_CTKp4\">Well then, Mr. Maie<\/span><\/span><\/p>\n<div class=\"credits_12-wp expanded_3odiy trackCredits_iogpt\">\n<div><span class=\"MuiTypography-root MuiTypography-labelXSmall css-144m4pk\">Composed By &#8211; <span class=\"link_15cpV\">Wizlav Von R\u00fcgen<\/span><\/span><\/div>\n<\/div>\n<\/td>\n<td class=\"duration_2t4qr\"><span class=\"MuiTypography-root MuiTypography-labelSmall css-lludyt\">4:00<\/span><\/td>\n<\/tr>\n<tr data-track-position=\"11\">\n<td class=\"trackPos_2RCje\"><span class=\"MuiTypography-root MuiTypography-labelSmall css-lludyt\">11<\/span><\/td>\n<td class=\"artist_3zAQD\"><span class=\"MuiTypography-root MuiTypography-labelSmall css-lludyt\"><span class=\"link_15cpV\">Marcus Van Langen<\/span> &amp; <span class=\"link_15cpV\">Des Teufels<\/span><span class=\"dash_1EAjh\">Lockv\u00f6gel-<\/span><\/span><\/td>\n<td class=\"trackTitle_CTKp4\"><span class=\"MuiTypography-root MuiTypography-labelSmall css-lludyt\"><span class=\"trackTitle_CTKp4\">Tempus Est Iocundum<\/span><\/span><\/td>\n<td class=\"duration_2t4qr\"><span class=\"MuiTypography-root MuiTypography-labelSmall css-lludyt\">3:47<\/span><\/td>\n<\/tr>\n<tr data-track-position=\"12\">\n<td class=\"trackPos_2RCje\"><span class=\"MuiTypography-root MuiTypography-labelSmall css-lludyt\">12<\/span><\/td>\n<td class=\"artist_3zAQD\"><span class=\"MuiTypography-root MuiTypography-labelSmall css-lludyt\"><span class=\"link_15cpV\">Thomas Schallab\u00f6ck*<\/span><span class=\"dash_1EAjh\">&#8211;<\/span><\/span><\/td>\n<td class=\"trackTitle_CTKp4\"><span class=\"MuiTypography-root MuiTypography-labelSmall css-lludyt\"><span class=\"trackTitle_CTKp4\">Traege Minne<\/span><\/span><\/p>\n<div class=\"credits_12-wp expanded_3odiy trackCredits_iogpt\">\n<div><span class=\"MuiTypography-root MuiTypography-labelXSmall css-144m4pk\">Composed By &#8211; <span class=\"link_15cpV\">Schoolmaster of Esslingen<\/span><\/span><\/div>\n<\/div>\n<\/td>\n<td class=\"duration_2t4qr\"><span class=\"MuiTypography-root MuiTypography-labelSmall css-lludyt\">2:18<\/span><\/td>\n<\/tr>\n<tr data-track-position=\"13\">\n<td class=\"trackPos_2RCje\"><span class=\"MuiTypography-root MuiTypography-labelSmall css-lludyt\">13<\/span><\/td>\n<td class=\"artist_3zAQD\"><span class=\"MuiTypography-root MuiTypography-labelSmall css-lludyt\"><span class=\"link_15cpV\">Capella Antiqua Bambergensis<\/span><span class=\"dash_1EAjh\">&#8211;<\/span><\/span><\/td>\n<td class=\"trackTitle_CTKp4\"><span class=\"MuiTypography-root MuiTypography-labelSmall css-lludyt\"><span class=\"trackTitle_CTKp4\">Maienz\u00eet<\/span><\/span><\/p>\n<div class=\"credits_12-wp expanded_3odiy trackCredits_iogpt\">\n<div><span class=\"MuiTypography-root MuiTypography-labelXSmall css-144m4pk\">Composed By &#8211; <span class=\"link_15cpV\">Neidhart Von Reuental<\/span><\/span><\/div>\n<\/div>\n<\/td>\n<td class=\"duration_2t4qr\"><span class=\"MuiTypography-root MuiTypography-labelSmall css-lludyt\">4:46<\/span><\/td>\n<\/tr>\n<tr data-track-position=\"14\">\n<td class=\"trackPos_2RCje\"><span class=\"MuiTypography-root MuiTypography-labelSmall css-lludyt\">14<\/span><\/td>\n<td class=\"artist_3zAQD\"><span class=\"MuiTypography-root MuiTypography-labelSmall css-lludyt\"><span class=\"link_15cpV\">Hans Hegner<\/span><span class=\"dash_1EAjh\">&#8211;<\/span><\/span><\/td>\n<td class=\"trackTitle_CTKp4\"><span class=\"MuiTypography-root MuiTypography-labelSmall css-lludyt\"><span class=\"trackTitle_CTKp4\">Neidhart In the barrel<\/span><\/span><\/p>\n<div class=\"credits_12-wp expanded_3odiy trackCredits_iogpt\">\n<div><span class=\"MuiTypography-root MuiTypography-labelXSmall css-144m4pk\">Composed By &#8211; <span class=\"link_15cpV\">Neidhart Von Reuental<\/span><\/span><\/div>\n<\/div>\n<\/td>\n<td class=\"duration_2t4qr\"><span class=\"MuiTypography-root MuiTypography-labelSmall css-lludyt\">4:40<\/span><\/td>\n<\/tr>\n<tr data-track-position=\"15\">\n<td class=\"trackPos_2RCje\"><span class=\"MuiTypography-root MuiTypography-labelSmall css-lludyt\">15<\/span><\/td>\n<td class=\"artist_3zAQD\"><span class=\"MuiTypography-root MuiTypography-labelSmall css-lludyt\"><span class=\"link_15cpV\">Knud Seckel<\/span><span class=\"dash_1EAjh\">&#8211;<\/span><\/span><\/td>\n<td class=\"trackTitle_CTKp4\"><span class=\"MuiTypography-root MuiTypography-labelSmall css-lludyt\"><span class=\"trackTitle_CTKp4\">Silent Swigen And Ged\u00e2gt<\/span><\/span><\/p>\n<div class=\"credits_12-wp expanded_3odiy trackCredits_iogpt\">\n<div><span class=\"MuiTypography-root MuiTypography-labelXSmall css-144m4pk\">Composed By &#8211; <span class=\"link_15cpV\">Conrad von Bickenbach<\/span><\/span><\/div>\n<\/div>\n<\/td>\n<td class=\"duration_2t4qr\"><span class=\"MuiTypography-root MuiTypography-labelSmall css-lludyt\">4:36<\/span><\/td>\n<\/tr>\n<tr data-track-position=\"16\">\n<td class=\"trackPos_2RCje\"><span class=\"MuiTypography-root MuiTypography-labelSmall css-lludyt\">16<\/span><\/td>\n<td class=\"artist_3zAQD\"><span class=\"MuiTypography-root MuiTypography-labelSmall css-lludyt\"><span class=\"link_15cpV\">Dulamans Vr\u00f6udenton<\/span><span class=\"dash_1EAjh\">&#8211;<\/span><\/span><\/td>\n<td class=\"trackTitle_CTKp4\"><span class=\"MuiTypography-root MuiTypography-labelSmall css-lludyt\"><span class=\"trackTitle_CTKp4\">Meie D\u00een<\/span><\/span><\/p>\n<div class=\"credits_12-wp expanded_3odiy trackCredits_iogpt\">\n<div><span class=\"MuiTypography-root MuiTypography-labelXSmall css-144m4pk\">Composed By &#8211; <span class=\"link_15cpV\">Neidhart Von Reuental<\/span><\/span><\/div>\n<\/div>\n<\/td>\n<td class=\"duration_2t4qr\"><span class=\"MuiTypography-root MuiTypography-labelSmall css-lludyt\">3:50<\/span><\/td>\n<\/tr>\n<\/tbody>\n<\/table>\n<p>Label: Verlag Der Spielleute &#8211; CD 015 Label Code: LC 06864<\/p>\n","protected":false},"excerpt":{"rendered":"<p>Released: 2008 1 Ensemble Unicorn&#8211; Meie D\u00een Liehter Sh\u00een Composed By &#8211; Neidhart Von Reuental 3:57 2 W\u00fcnnespil&#8211; En Mai Au Douz Tans Nouvel 3:30 3 Holger Sch\u00e4fer&#8211; Willekommen S\u00ee The Sumerian Beauty Composed By &#8211; Brunwart Von Auggen 3:34 4 Christoph M\u00e4chler&#8211; Who N\u00fb Ze Vr\u00f6uden Is Cured Composed By &#8211; Otto Zum Turm [&hellip;]<\/p>\n","protected":false},"featured_media":27359,"comment_status":"closed","ping_status":"closed","template":"","meta":[],"product_brand":[],"product_cat":[1082],"product_tag":[],"class_list":{"0":"post-27360","1":"product","2":"type-product","3":"status-publish","4":"has-post-thumbnail","6":"product_cat-audio-cds-en","8":"first","9":"instock","10":"taxable","11":"shipping-taxable","12":"product-type-simple"},"composite_virtual":false,"composite_layout":"","composite_add_to_cart_form_location":"","composite_editable_in_cart":false,"composite_sold_individually_context":"","composite_shop_price_calc":"","composite_components":[],"composite_scenarios":[],"bundled_by":[],"bundle_stock_status":"instock","bundle_stock_quantity":null,"bundle_virtual":false,"bundle_layout":"","bundle_add_to_cart_form_location":"","bundle_editable_in_cart":false,"bundle_sold_individually_context":"","bundle_item_grouping":"","bundle_min_size":"","bundle_max_size":"","bundle_price":[],"bundled_items":[],"bundle_sell_ids":[],"exclude_global_add_ons":[],"addons":[],"tiered_pricing_type":"fixed","tiered_pricing_fixed_rules":[],"tiered_pricing_product_settings":{"layout":"default","base_unit_name":{"singular":null,"plural":null},"default_variation":null},"tiered_pricing_minimum_quantity":null,"tiered_pricing_roles_data":[],"tiered_pricing_percentage_rules":[],"tiered_pricing_maximum_quantity":null,"tiered_pricing_quantity_step":null,"_links":{"self":[{"href":"https:\/\/bagpipe.de\/en\/wp-json\/wp\/v2\/product\/27360","targetHints":{"allow":["GET"]}}],"collection":[{"href":"https:\/\/bagpipe.de\/en\/wp-json\/wp\/v2\/product"}],"about":[{"href":"https:\/\/bagpipe.de\/en\/wp-json\/wp\/v2\/types\/product"}],"replies":[{"embeddable":true,"href":"https:\/\/bagpipe.de\/en\/wp-json\/wp\/v2\/comments?post=27360"}],"wp:featuredmedia":[{"embeddable":true,"href":"https:\/\/bagpipe.de\/en\/wp-json\/wp\/v2\/media\/27359"}],"wp:attachment":[{"href":"https:\/\/bagpipe.de\/en\/wp-json\/wp\/v2\/media?parent=27360"}],"wp:term":[{"taxonomy":"product_brand","embeddable":true,"href":"https:\/\/bagpipe.de\/en\/wp-json\/wp\/v2\/product_brand?post=27360"},{"taxonomy":"product_cat","embeddable":true,"href":"https:\/\/bagpipe.de\/en\/wp-json\/wp\/v2\/product_cat?post=27360"},{"taxonomy":"product_tag","embeddable":true,"href":"https:\/\/bagpipe.de\/en\/wp-json\/wp\/v2\/product_tag?post=27360"}],"curies":[{"name":"wp","href":"https:\/\/api.w.org\/{rel}","templated":true}]}}